{"id":3468,"date":"2019-05-24T11:07:06","date_gmt":"2019-05-24T11:07:06","guid":{"rendered":"https:\/\/easyservice.ee\/avaleht\/"},"modified":"2019-06-12T17:45:35","modified_gmt":"2019-06-12T17:45:35","slug":"avaleht","status":"publish","type":"page","link":"https:\/\/easyservice.ee\/ru\/","title":{"rendered":"\u0413\u043b\u0430\u0432\u043d\u0430\u044f"},"content":{"rendered":"","protected":false},"excerpt":{"rendered":"","protected":false},"author":1,"featured_media":0,"parent":0,"menu_order":0,"comment_status":"closed","ping_status":"open","template":"","meta":{"footnotes":""},"class_list":["post-3468","page","type-page","status-publish","hentry"],"yoast_head":"<!-- This site is optimized with the Yoast SEO plugin v25.0 - https:\/\/yoast.com\/wordpress\/plugins\/seo\/ -->\n<title>\u0413\u043b\u0430\u0432\u043d\u0430\u044f - Ehitust\u00f6\u00f6d ja remondit\u00f6\u00f6d Tallinnas ja Harjumaal<\/title>\n<meta name=\"robots\" content=\"index, follow, max-snippet:-1, max-image-preview:large, max-video-preview:-1\" \/>\n<link rel=\"canonical\" href=\"http:\/\/easyservice.ee\/ru\/\" \/>\n<meta property=\"og:locale\" content=\"ru_RU\" \/>\n<meta property=\"og:type\" content=\"article\" \/>\n<meta property=\"og:title\" content=\"\u0413\u043b\u0430\u0432\u043d\u0430\u044f - Ehitust\u00f6\u00f6d ja remondit\u00f6\u00f6d Tallinnas ja Harjumaal\" \/>\n<meta property=\"og:url\" content=\"http:\/\/easyservice.ee\/ru\/\" \/>\n<meta property=\"og:site_name\" content=\"Ehitust\u00f6\u00f6d ja remondit\u00f6\u00f6d Tallinnas ja Harjumaal\" \/>\n<meta property=\"article:modified_time\" content=\"2019-06-12T17:45:35+00:00\" \/>\n<meta name=\"twitter:card\" content=\"summary_large_image\" \/>\n<script type=\"application\/ld+json\" class=\"yoast-schema-graph\">{\"@context\":\"https:\/\/schema.org\",\"@graph\":[{\"@type\":\"WebPage\",\"@id\":\"http:\/\/easyservice.ee\/ru\/\",\"url\":\"http:\/\/easyservice.ee\/ru\/\",\"name\":\"\u0413\u043b\u0430\u0432\u043d\u0430\u044f - Ehitust\u00f6\u00f6d ja remondit\u00f6\u00f6d Tallinnas ja Harjumaal\",\"isPartOf\":{\"@id\":\"http:\/\/easyservice.ee\/ru\/#website\"},\"datePublished\":\"2019-05-24T11:07:06+00:00\",\"dateModified\":\"2019-06-12T17:45:35+00:00\",\"breadcrumb\":{\"@id\":\"http:\/\/easyservice.ee\/ru\/#breadcrumb\"},\"inLanguage\":\"ru-RU\",\"potentialAction\":[{\"@type\":\"ReadAction\",\"target\":[\"http:\/\/easyservice.ee\/ru\/\"]}]},{\"@type\":\"BreadcrumbList\",\"@id\":\"http:\/\/easyservice.ee\/ru\/#breadcrumb\",\"itemListElement\":[{\"@type\":\"ListItem\",\"position\":1,\"name\":\"\u0413\u043b\u0430\u0432\u043d\u0430\u044f \u0441\u0442\u0440\u0430\u043d\u0438\u0446\u0430\",\"item\":\"http:\/\/easyservice.ee\/ru\/\"},{\"@type\":\"ListItem\",\"position\":2,\"name\":\"\u0413\u043b\u0430\u0432\u043d\u0430\u044f\"}]},{\"@type\":\"WebSite\",\"@id\":\"http:\/\/easyservice.ee\/ru\/#website\",\"url\":\"http:\/\/easyservice.ee\/ru\/\",\"name\":\"Ehitust\u00f6\u00f6d ja remondit\u00f6\u00f6d Tallinnas ja Harjumaal\",\"description\":\"\u041f\u0440\u043e\u0441\u0442\u043e \u0435\u0449\u0435 \u043e\u0434\u0438\u043d WordPress \u0441\u0430\u0439\u0442\",\"publisher\":{\"@id\":\"http:\/\/easyservice.ee\/ru\/#organization\"},\"potentialAction\":[{\"@type\":\"SearchAction\",\"target\":{\"@type\":\"EntryPoint\",\"urlTemplate\":\"http:\/\/easyservice.ee\/ru\/?s={search_term_string}\"},\"query-input\":{\"@type\":\"PropertyValueSpecification\",\"valueRequired\":true,\"valueName\":\"search_term_string\"}}],\"inLanguage\":\"ru-RU\"},{\"@type\":\"Organization\",\"@id\":\"http:\/\/easyservice.ee\/ru\/#organization\",\"name\":\"Easy Service\",\"url\":\"http:\/\/easyservice.ee\/ru\/\",\"logo\":{\"@type\":\"ImageObject\",\"inLanguage\":\"ru-RU\",\"@id\":\"http:\/\/easyservice.ee\/ru\/#\/schema\/logo\/image\/\",\"url\":\"https:\/\/easyservice.ee\/wp-content\/uploads\/2019\/10\/easyservicelogo.png\",\"contentUrl\":\"https:\/\/easyservice.ee\/wp-content\/uploads\/2019\/10\/easyservicelogo.png\",\"width\":378,\"height\":122,\"caption\":\"Easy Service\"},\"image\":{\"@id\":\"http:\/\/easyservice.ee\/ru\/#\/schema\/logo\/image\/\"}}]}<\/script>\n<!-- \/ Yoast SEO plugin. -->","yoast_head_json":{"title":"\u0413\u043b\u0430\u0432\u043d\u0430\u044f - Ehitust\u00f6\u00f6d ja remondit\u00f6\u00f6d Tallinnas ja Harjumaal","robots":{"index":"index","follow":"follow","max-snippet":"max-snippet:-1","max-image-preview":"max-image-preview:large","max-video-preview":"max-video-preview:-1"},"canonical":"http:\/\/easyservice.ee\/ru\/","og_locale":"ru_RU","og_type":"article","og_title":"\u0413\u043b\u0430\u0432\u043d\u0430\u044f - Ehitust\u00f6\u00f6d ja remondit\u00f6\u00f6d Tallinnas ja Harjumaal","og_url":"http:\/\/easyservice.ee\/ru\/","og_site_name":"Ehitust\u00f6\u00f6d ja remondit\u00f6\u00f6d Tallinnas ja Harjumaal","article_modified_time":"2019-06-12T17:45:35+00:00","twitter_card":"summary_large_image","schema":{"@context":"https:\/\/schema.org","@graph":[{"@type":"WebPage","@id":"http:\/\/easyservice.ee\/ru\/","url":"http:\/\/easyservice.ee\/ru\/","name":"\u0413\u043b\u0430\u0432\u043d\u0430\u044f - Ehitust\u00f6\u00f6d ja remondit\u00f6\u00f6d Tallinnas ja Harjumaal","isPartOf":{"@id":"http:\/\/easyservice.ee\/ru\/#website"},"datePublished":"2019-05-24T11:07:06+00:00","dateModified":"2019-06-12T17:45:35+00:00","breadcrumb":{"@id":"http:\/\/easyservice.ee\/ru\/#breadcrumb"},"inLanguage":"ru-RU","potentialAction":[{"@type":"ReadAction","target":["http:\/\/easyservice.ee\/ru\/"]}]},{"@type":"BreadcrumbList","@id":"http:\/\/easyservice.ee\/ru\/#breadcrumb","itemListElement":[{"@type":"ListItem","position":1,"name":"\u0413\u043b\u0430\u0432\u043d\u0430\u044f \u0441\u0442\u0440\u0430\u043d\u0438\u0446\u0430","item":"http:\/\/easyservice.ee\/ru\/"},{"@type":"ListItem","position":2,"name":"\u0413\u043b\u0430\u0432\u043d\u0430\u044f"}]},{"@type":"WebSite","@id":"http:\/\/easyservice.ee\/ru\/#website","url":"http:\/\/easyservice.ee\/ru\/","name":"Ehitust\u00f6\u00f6d ja remondit\u00f6\u00f6d Tallinnas ja Harjumaal","description":"\u041f\u0440\u043e\u0441\u0442\u043e \u0435\u0449\u0435 \u043e\u0434\u0438\u043d WordPress \u0441\u0430\u0439\u0442","publisher":{"@id":"http:\/\/easyservice.ee\/ru\/#organization"},"potentialAction":[{"@type":"SearchAction","target":{"@type":"EntryPoint","urlTemplate":"http:\/\/easyservice.ee\/ru\/?s={search_term_string}"},"query-input":{"@type":"PropertyValueSpecification","valueRequired":true,"valueName":"search_term_string"}}],"inLanguage":"ru-RU"},{"@type":"Organization","@id":"http:\/\/easyservice.ee\/ru\/#organization","name":"Easy Service","url":"http:\/\/easyservice.ee\/ru\/","logo":{"@type":"ImageObject","inLanguage":"ru-RU","@id":"http:\/\/easyservice.ee\/ru\/#\/schema\/logo\/image\/","url":"https:\/\/easyservice.ee\/wp-content\/uploads\/2019\/10\/easyservicelogo.png","contentUrl":"https:\/\/easyservice.ee\/wp-content\/uploads\/2019\/10\/easyservicelogo.png","width":378,"height":122,"caption":"Easy Service"},"image":{"@id":"http:\/\/easyservice.ee\/ru\/#\/schema\/logo\/image\/"}}]}},"_links":{"self":[{"href":"https:\/\/easyservice.ee\/ru\/wp-json\/wp\/v2\/pages\/3468","targetHints":{"allow":["GET"]}}],"collection":[{"href":"https:\/\/easyservice.ee\/ru\/wp-json\/wp\/v2\/pages"}],"about":[{"href":"https:\/\/easyservice.ee\/ru\/wp-json\/wp\/v2\/types\/page"}],"author":[{"embeddable":true,"href":"https:\/\/easyservice.ee\/ru\/wp-json\/wp\/v2\/users\/1"}],"replies":[{"embeddable":true,"href":"https:\/\/easyservice.ee\/ru\/wp-json\/wp\/v2\/comments?post=3468"}],"version-history":[{"count":1,"href":"https:\/\/easyservice.ee\/ru\/wp-json\/wp\/v2\/pages\/3468\/revisions"}],"predecessor-version":[{"id":3469,"href":"https:\/\/easyservice.ee\/ru\/wp-json\/wp\/v2\/pages\/3468\/revisions\/3469"}],"wp:attachment":[{"href":"https:\/\/easyservice.ee\/ru\/wp-json\/wp\/v2\/media?parent=3468"}],"curies":[{"name":"wp","href":"https:\/\/api.w.org\/{rel}","templated":true}]}}