{"id":3327,"date":"2017-06-24T11:59:55","date_gmt":"2017-06-24T11:59:55","guid":{"rendered":"https:\/\/easyservice.ee\/contact-us\/"},"modified":"2025-04-29T09:36:01","modified_gmt":"2025-04-29T09:36:01","slug":"contact-us","status":"publish","type":"page","link":"https:\/\/easyservice.ee\/ru\/contact-us\/","title":{"rendered":"\u041a\u043e\u043d\u0442\u0430\u043a\u0442"},"content":{"rendered":"<div class=\"wpb-content-wrapper\"><p>[vc_row el_class=&#8221;container&#8221; css=&#8221;.vc_custom_1498484470696{padding-bottom: 23px !important;background-color: #ffffff !important;}&#8221;][vc_column width=&#8221;1\/2&#8243; css=&#8221;.vc_custom_1498484091839{padding-top: 0px !important;}&#8221;][vc_custom_heading text=&#8221;\u0417\u0430\u043f\u0440\u043e\u0441 \u0446\u0435\u043d\u043e\u0432\u043e\u0433\u043e \u043f\u0440\u0435\u0434\u043b\u043e\u0436\u0435\u043d\u0438\u044f&#8221; font_container=&#8221;tag:h3|font_size:16px|text_align:left|color:%23000000|line_height:1.6&#8243; use_theme_fonts=&#8221;yes&#8221; css=&#8221;.vc_custom_1571252485680{margin-right: 20% !important;margin-bottom: 40px !important;}&#8221;]<div class=\"kd-contact-form light_background\">\n<div class=\"wpcf7 no-js\" id=\"wpcf7-f4452-o1\" lang=\"en-US\" dir=\"ltr\" data-wpcf7-id=\"4452\">\n<div class=\"screen-reader-response\"><p role=\"status\" aria-live=\"polite\" aria-atomic=\"true\"><\/p> <ul><\/ul><\/div>\n<form action=\"\/ru\/wp-json\/wp\/v2\/pages\/3327#wpcf7-f4452-o1\" method=\"post\" class=\"wpcf7-form init\" aria-label=\"Contact form\" novalidate=\"novalidate\" data-status=\"init\">\n<div style=\"display: none;\">\n<input type=\"hidden\" name=\"_wpcf7\" value=\"4452\" \/>\n<input type=\"hidden\" name=\"_wpcf7_version\" value=\"6.0.6\" \/>\n<input type=\"hidden\" name=\"_wpcf7_locale\" value=\"en_US\" \/>\n<input type=\"hidden\" name=\"_wpcf7_unit_tag\" value=\"wpcf7-f4452-o1\" \/>\n<input type=\"hidden\" name=\"_wpcf7_container_post\" value=\"0\" \/>\n<input type=\"hidden\" name=\"_wpcf7_posted_data_hash\" value=\"\" \/>\n<input type=\"hidden\" name=\"_wpcf7_recaptcha_response\" value=\"\" \/>\n<\/div>\n<p><span class=\"wpcf7-form-control-wrap\" data-name=\"Name\"><input size=\"40\" maxlength=\"400\" class=\"wpcf7-form-control wpcf7-text wpcf7-validates-as-required\" aria-required=\"true\" aria-invalid=\"false\" placeholder=\"\u0418\u043c\u044f\" value=\"\" type=\"text\" name=\"Name\" \/><\/span><br \/>\n<span class=\"wpcf7-form-control-wrap\" data-name=\"Email\"><input size=\"40\" maxlength=\"400\" class=\"wpcf7-form-control wpcf7-email wpcf7-validates-as-required wpcf7-text wpcf7-validates-as-email\" aria-required=\"true\" aria-invalid=\"false\" placeholder=\"Email\" value=\"\" type=\"email\" name=\"Email\" \/><\/span><br \/>\n<span class=\"wpcf7-form-control-wrap\" data-name=\"Telefon\"><input size=\"40\" maxlength=\"400\" class=\"wpcf7-form-control wpcf7-text wpcf7-validates-as-required\" aria-required=\"true\" aria-invalid=\"false\" placeholder=\"\u0422\u0435\u043b\u0435\u0444\u043e\u043d\" value=\"\" type=\"text\" name=\"Telefon\" \/><\/span><br \/>\n<span class=\"wpcf7-form-control-wrap\" data-name=\"Objekti\"><input size=\"40\" maxlength=\"400\" class=\"wpcf7-form-control wpcf7-text wpcf7-validates-as-required\" aria-required=\"true\" aria-invalid=\"false\" placeholder=\"\u0410\u0434\u0440\u0435\u0441 \u043e\u0431\u044a\u0435\u043a\u0442\u0430\" value=\"\" type=\"text\" name=\"Objekti\" \/><\/span><br \/>\n<span class=\"wpcf7-form-control-wrap\" data-name=\"Message\"><textarea cols=\"40\" rows=\"10\" maxlength=\"2000\" class=\"wpcf7-form-control wpcf7-textarea wpcf7-validates-as-required\" aria-required=\"true\" aria-invalid=\"false\" placeholder=\"\u0421\u043e\u043e\u0431\u0449\u0435\u043d\u0438\u0435\" name=\"Message\"><\/textarea><\/span><br \/>\n<input class=\"wpcf7-form-control wpcf7-submit has-spinner\" type=\"submit\" value=\"\u041e\u0442\u043f\u0440\u0430\u0432\u0438\u0442\u044c\" \/>\n<\/p><div class=\"wpcf7-response-output\" aria-hidden=\"true\"><\/div>\n<\/form>\n<\/div>\n<\/div>[\/vc_column][vc_column width=&#8221;1\/2&#8243; css=&#8221;.vc_custom_1498484096064{padding-top: 0px !important;}&#8221;][vc_row_inner css=&#8221;.vc_custom_1498484977578{margin-left: -35px !important;}&#8221;][vc_column_inner css=&#8221;.vc_custom_1499421817237{padding-left: 0px !important;}&#8221; offset=&#8221;vc_col-lg-6 vc_col-md-12 vc_col-xs-12&#8243;]<div class=\"key-icon-box icon-default icon-left cont-left  \" style=\"background-color: ;\" ><div class=\"ib-wrapper\"><i class=\"iconsmind-Phone-3 fa\" style=\" \"><\/i> <h4 class=\"service-heading\" >+372 55599845<\/h4><p >09.00 - 17.00 \u041f\u043d - \u041f\u0442<\/p><\/div><\/div>[\/vc_column_inner][\/vc_row_inner][vc_row_inner css=&#8221;.vc_custom_1498484977578{margin-left: -35px !important;}&#8221;][vc_column_inner css=&#8221;.vc_custom_1498485333427{margin-top: -20px !important;padding-left: 0px !important;}&#8221;]<div class=\"key-icon-box icon-default icon-left cont-left  \" style=\"background-color: ;\" ><div class=\"ib-wrapper\"><i class=\"iconsmind-Map-Marker2 fa\" style=\" \"><\/i> <h4 class=\"service-heading\" >V\u00e4rvi tn 5, 10621,Tallinn<\/h4><p >Easy Service O\u00dc<br \/>\nReg.nr : 11952353<br \/>\nKMKR nr: EE101390460<br \/>\nSwedbank a\/a :EE552200221050361073<\/p><\/div><\/div>[\/vc_column_inner][\/vc_row_inner][vc_row_inner css=&#8221;.vc_custom_1498484977578{margin-left: -35px !important;}&#8221;][vc_column_inner css=&#8221;.vc_custom_1498485327683{margin-top: -20px !important;padding-left: 0px !important;}&#8221;]<div class=\"key-icon-box icon-default icon-left cont-left  \" style=\"background-color: ;\" ><div class=\"ib-wrapper\"><i class=\"iconsmind-Envelope fa\" style=\" \"><\/i> <h4 class=\"service-heading\" >info@easyservice.ee<\/h4><\/div><\/div>[\/vc_column_inner][\/vc_row_inner][\/vc_column][\/vc_row]<\/p>\n<\/div>","protected":false},"excerpt":{"rendered":"<p>[vc_row el_class=&#8221;container&#8221; css=&#8221;.vc_custom_1498484470696{padding-bottom: 23px !important;background-color: #ffffff !important;}&#8221;][vc_column width=&#8221;1\/2&#8243; css=&#8221;.vc_custom_1498484091839{padding-top: 0px !important;}&#8221;][vc_custom_heading text=&#8221;\u0417\u0430\u043f\u0440\u043e\u0441 \u0446\u0435\u043d\u043e\u0432\u043e\u0433\u043e \u043f\u0440\u0435\u0434\u043b\u043e\u0436\u0435\u043d\u0438\u044f&#8221; font_container=&#8221;tag:h3|font_size:16px|text_align:left|color:%23000000|line_height:1.6&#8243; use_theme_fonts=&#8221;yes&#8221; css=&#8221;.vc_custom_1571252485680{margin-right: 20% !important;margin-bottom: 40px !important;}&#8221;][\/vc_column][vc_column width=&#8221;1\/2&#8243; css=&#8221;.vc_custom_1498484096064{padding-top: [&hellip;]<\/p>\n","protected":false},"author":2,"featured_media":4369,"parent":0,"menu_order":0,"comment_status":"closed","ping_status":"closed","template":"","meta":{"footnotes":""},"class_list":["post-3327","page","type-page","status-publish","has-post-thumbnail","hentry"],"yoast_head":"<!-- This site is optimized with the Yoast SEO plugin v25.0 - https:\/\/yoast.com\/wordpress\/plugins\/seo\/ -->\n<title>\u041a\u043e\u043d\u0442\u0430\u043a\u0442 - Ehitust\u00f6\u00f6d ja remondit\u00f6\u00f6d Tallinnas ja Harjumaal<\/title>\n<meta name=\"robots\" content=\"index, follow, max-snippet:-1, max-image-preview:large, max-video-preview:-1\" \/>\n<link rel=\"canonical\" href=\"http:\/\/easyservice.ee\/ru\/contact-us\/\" \/>\n<meta property=\"og:locale\" content=\"ru_RU\" \/>\n<meta property=\"og:type\" content=\"article\" \/>\n<meta property=\"og:title\" content=\"\u041a\u043e\u043d\u0442\u0430\u043a\u0442 - Ehitust\u00f6\u00f6d ja remondit\u00f6\u00f6d Tallinnas ja Harjumaal\" \/>\n<meta property=\"og:description\" content=\"[vc_row el_class=&#8221;container&#8221; css=&#8221;.vc_custom_1498484470696{padding-bottom: 23px !important;background-color: #ffffff !important;}&#8221;][vc_column width=&#8221;1\/2&#8243; css=&#8221;.vc_custom_1498484091839{padding-top: 0px !important;}&#8221;][vc_custom_heading text=&#8221;\u0417\u0430\u043f\u0440\u043e\u0441 \u0446\u0435\u043d\u043e\u0432\u043e\u0433\u043e \u043f\u0440\u0435\u0434\u043b\u043e\u0436\u0435\u043d\u0438\u044f&#8221; font_container=&#8221;tag:h3|font_size:16px|text_align:left|color:%23000000|line_height:1.6&#8243; use_theme_fonts=&#8221;yes&#8221; css=&#8221;.vc_custom_1571252485680{margin-right: 20% !important;margin-bottom: 40px !important;}&#8221;][\/vc_column][vc_column width=&#8221;1\/2&#8243; css=&#8221;.vc_custom_1498484096064{padding-top: [&hellip;]\" \/>\n<meta property=\"og:url\" content=\"http:\/\/easyservice.ee\/ru\/contact-us\/\" \/>\n<meta property=\"og:site_name\" content=\"Ehitust\u00f6\u00f6d ja remondit\u00f6\u00f6d Tallinnas ja Harjumaal\" \/>\n<meta property=\"article:modified_time\" content=\"2025-04-29T09:36:01+00:00\" \/>\n<meta property=\"og:image\" content=\"http:\/\/easyservice.ee\/wp-content\/uploads\/2019\/06\/kontakt.jpg\" \/>\n\t<meta property=\"og:image:width\" content=\"1920\" \/>\n\t<meta property=\"og:image:height\" content=\"300\" \/>\n\t<meta property=\"og:image:type\" content=\"image\/jpeg\" \/>\n<meta name=\"twitter:card\" content=\"summary_large_image\" \/>\n<meta name=\"twitter:label1\" content=\"\u041f\u0440\u0438\u043c\u0435\u0440\u043d\u043e\u0435 \u0432\u0440\u0435\u043c\u044f \u0434\u043b\u044f \u0447\u0442\u0435\u043d\u0438\u044f\" \/>\n\t<meta name=\"twitter:data1\" content=\"1 \u043c\u0438\u043d\u0443\u0442\u0430\" \/>\n<script type=\"application\/ld+json\" class=\"yoast-schema-graph\">{\"@context\":\"https:\/\/schema.org\",\"@graph\":[{\"@type\":\"WebPage\",\"@id\":\"http:\/\/easyservice.ee\/ru\/contact-us\/\",\"url\":\"http:\/\/easyservice.ee\/ru\/contact-us\/\",\"name\":\"\u041a\u043e\u043d\u0442\u0430\u043a\u0442 - Ehitust\u00f6\u00f6d ja remondit\u00f6\u00f6d Tallinnas ja Harjumaal\",\"isPartOf\":{\"@id\":\"https:\/\/easyservice.ee\/#website\"},\"primaryImageOfPage\":{\"@id\":\"http:\/\/easyservice.ee\/ru\/contact-us\/#primaryimage\"},\"image\":{\"@id\":\"http:\/\/easyservice.ee\/ru\/contact-us\/#primaryimage\"},\"thumbnailUrl\":\"https:\/\/easyservice.ee\/wp-content\/uploads\/2019\/06\/kontakt.jpg\",\"datePublished\":\"2017-06-24T11:59:55+00:00\",\"dateModified\":\"2025-04-29T09:36:01+00:00\",\"breadcrumb\":{\"@id\":\"http:\/\/easyservice.ee\/ru\/contact-us\/#breadcrumb\"},\"inLanguage\":\"ru-RU\",\"potentialAction\":[{\"@type\":\"ReadAction\",\"target\":[\"http:\/\/easyservice.ee\/ru\/contact-us\/\"]}]},{\"@type\":\"ImageObject\",\"inLanguage\":\"ru-RU\",\"@id\":\"http:\/\/easyservice.ee\/ru\/contact-us\/#primaryimage\",\"url\":\"https:\/\/easyservice.ee\/wp-content\/uploads\/2019\/06\/kontakt.jpg\",\"contentUrl\":\"https:\/\/easyservice.ee\/wp-content\/uploads\/2019\/06\/kontakt.jpg\",\"width\":1920,\"height\":300},{\"@type\":\"BreadcrumbList\",\"@id\":\"http:\/\/easyservice.ee\/ru\/contact-us\/#breadcrumb\",\"itemListElement\":[{\"@type\":\"ListItem\",\"position\":1,\"name\":\"\u0413\u043b\u0430\u0432\u043d\u0430\u044f \u0441\u0442\u0440\u0430\u043d\u0438\u0446\u0430\",\"item\":\"https:\/\/easyservice.ee\/ru\/\"},{\"@type\":\"ListItem\",\"position\":2,\"name\":\"\u041a\u043e\u043d\u0442\u0430\u043a\u0442\"}]},{\"@type\":\"WebSite\",\"@id\":\"https:\/\/easyservice.ee\/#website\",\"url\":\"https:\/\/easyservice.ee\/\",\"name\":\"Ehitust\u00f6\u00f6d ja remondit\u00f6\u00f6d Tallinnas ja Harjumaal\",\"description\":\"\u041f\u0440\u043e\u0441\u0442\u043e \u0435\u0449\u0435 \u043e\u0434\u0438\u043d WordPress \u0441\u0430\u0439\u0442\",\"publisher\":{\"@id\":\"https:\/\/easyservice.ee\/#organization\"},\"potentialAction\":[{\"@type\":\"SearchAction\",\"target\":{\"@type\":\"EntryPoint\",\"urlTemplate\":\"https:\/\/easyservice.ee\/?s={search_term_string}\"},\"query-input\":{\"@type\":\"PropertyValueSpecification\",\"valueRequired\":true,\"valueName\":\"search_term_string\"}}],\"inLanguage\":\"ru-RU\"},{\"@type\":\"Organization\",\"@id\":\"https:\/\/easyservice.ee\/#organization\",\"name\":\"Easy Service\",\"url\":\"https:\/\/easyservice.ee\/\",\"logo\":{\"@type\":\"ImageObject\",\"inLanguage\":\"ru-RU\",\"@id\":\"https:\/\/easyservice.ee\/#\/schema\/logo\/image\/\",\"url\":\"https:\/\/easyservice.ee\/wp-content\/uploads\/2019\/10\/easyservicelogo.png\",\"contentUrl\":\"https:\/\/easyservice.ee\/wp-content\/uploads\/2019\/10\/easyservicelogo.png\",\"width\":378,\"height\":122,\"caption\":\"Easy Service\"},\"image\":{\"@id\":\"https:\/\/easyservice.ee\/#\/schema\/logo\/image\/\"}}]}<\/script>\n<!-- \/ Yoast SEO plugin. -->","yoast_head_json":{"title":"\u041a\u043e\u043d\u0442\u0430\u043a\u0442 - Ehitust\u00f6\u00f6d ja remondit\u00f6\u00f6d Tallinnas ja Harjumaal","robots":{"index":"index","follow":"follow","max-snippet":"max-snippet:-1","max-image-preview":"max-image-preview:large","max-video-preview":"max-video-preview:-1"},"canonical":"http:\/\/easyservice.ee\/ru\/contact-us\/","og_locale":"ru_RU","og_type":"article","og_title":"\u041a\u043e\u043d\u0442\u0430\u043a\u0442 - Ehitust\u00f6\u00f6d ja remondit\u00f6\u00f6d Tallinnas ja Harjumaal","og_description":"[vc_row el_class=&#8221;container&#8221; css=&#8221;.vc_custom_1498484470696{padding-bottom: 23px !important;background-color: #ffffff !important;}&#8221;][vc_column width=&#8221;1\/2&#8243; css=&#8221;.vc_custom_1498484091839{padding-top: 0px !important;}&#8221;][vc_custom_heading text=&#8221;\u0417\u0430\u043f\u0440\u043e\u0441 \u0446\u0435\u043d\u043e\u0432\u043e\u0433\u043e \u043f\u0440\u0435\u0434\u043b\u043e\u0436\u0435\u043d\u0438\u044f&#8221; font_container=&#8221;tag:h3|font_size:16px|text_align:left|color:%23000000|line_height:1.6&#8243; use_theme_fonts=&#8221;yes&#8221; css=&#8221;.vc_custom_1571252485680{margin-right: 20% !important;margin-bottom: 40px !important;}&#8221;][\/vc_column][vc_column width=&#8221;1\/2&#8243; css=&#8221;.vc_custom_1498484096064{padding-top: [&hellip;]","og_url":"http:\/\/easyservice.ee\/ru\/contact-us\/","og_site_name":"Ehitust\u00f6\u00f6d ja remondit\u00f6\u00f6d Tallinnas ja Harjumaal","article_modified_time":"2025-04-29T09:36:01+00:00","og_image":[{"width":1920,"height":300,"url":"http:\/\/easyservice.ee\/wp-content\/uploads\/2019\/06\/kontakt.jpg","type":"image\/jpeg"}],"twitter_card":"summary_large_image","twitter_misc":{"\u041f\u0440\u0438\u043c\u0435\u0440\u043d\u043e\u0435 \u0432\u0440\u0435\u043c\u044f \u0434\u043b\u044f \u0447\u0442\u0435\u043d\u0438\u044f":"1 \u043c\u0438\u043d\u0443\u0442\u0430"},"schema":{"@context":"https:\/\/schema.org","@graph":[{"@type":"WebPage","@id":"http:\/\/easyservice.ee\/ru\/contact-us\/","url":"http:\/\/easyservice.ee\/ru\/contact-us\/","name":"\u041a\u043e\u043d\u0442\u0430\u043a\u0442 - Ehitust\u00f6\u00f6d ja remondit\u00f6\u00f6d Tallinnas ja Harjumaal","isPartOf":{"@id":"https:\/\/easyservice.ee\/#website"},"primaryImageOfPage":{"@id":"http:\/\/easyservice.ee\/ru\/contact-us\/#primaryimage"},"image":{"@id":"http:\/\/easyservice.ee\/ru\/contact-us\/#primaryimage"},"thumbnailUrl":"https:\/\/easyservice.ee\/wp-content\/uploads\/2019\/06\/kontakt.jpg","datePublished":"2017-06-24T11:59:55+00:00","dateModified":"2025-04-29T09:36:01+00:00","breadcrumb":{"@id":"http:\/\/easyservice.ee\/ru\/contact-us\/#breadcrumb"},"inLanguage":"ru-RU","potentialAction":[{"@type":"ReadAction","target":["http:\/\/easyservice.ee\/ru\/contact-us\/"]}]},{"@type":"ImageObject","inLanguage":"ru-RU","@id":"http:\/\/easyservice.ee\/ru\/contact-us\/#primaryimage","url":"https:\/\/easyservice.ee\/wp-content\/uploads\/2019\/06\/kontakt.jpg","contentUrl":"https:\/\/easyservice.ee\/wp-content\/uploads\/2019\/06\/kontakt.jpg","width":1920,"height":300},{"@type":"BreadcrumbList","@id":"http:\/\/easyservice.ee\/ru\/contact-us\/#breadcrumb","itemListElement":[{"@type":"ListItem","position":1,"name":"\u0413\u043b\u0430\u0432\u043d\u0430\u044f \u0441\u0442\u0440\u0430\u043d\u0438\u0446\u0430","item":"https:\/\/easyservice.ee\/ru\/"},{"@type":"ListItem","position":2,"name":"\u041a\u043e\u043d\u0442\u0430\u043a\u0442"}]},{"@type":"WebSite","@id":"https:\/\/easyservice.ee\/#website","url":"https:\/\/easyservice.ee\/","name":"Ehitust\u00f6\u00f6d ja remondit\u00f6\u00f6d Tallinnas ja Harjumaal","description":"\u041f\u0440\u043e\u0441\u0442\u043e \u0435\u0449\u0435 \u043e\u0434\u0438\u043d WordPress \u0441\u0430\u0439\u0442","publisher":{"@id":"https:\/\/easyservice.ee\/#organization"},"potentialAction":[{"@type":"SearchAction","target":{"@type":"EntryPoint","urlTemplate":"https:\/\/easyservice.ee\/?s={search_term_string}"},"query-input":{"@type":"PropertyValueSpecification","valueRequired":true,"valueName":"search_term_string"}}],"inLanguage":"ru-RU"},{"@type":"Organization","@id":"https:\/\/easyservice.ee\/#organization","name":"Easy Service","url":"https:\/\/easyservice.ee\/","logo":{"@type":"ImageObject","inLanguage":"ru-RU","@id":"https:\/\/easyservice.ee\/#\/schema\/logo\/image\/","url":"https:\/\/easyservice.ee\/wp-content\/uploads\/2019\/10\/easyservicelogo.png","contentUrl":"https:\/\/easyservice.ee\/wp-content\/uploads\/2019\/10\/easyservicelogo.png","width":378,"height":122,"caption":"Easy Service"},"image":{"@id":"https:\/\/easyservice.ee\/#\/schema\/logo\/image\/"}}]}},"_links":{"self":[{"href":"https:\/\/easyservice.ee\/ru\/wp-json\/wp\/v2\/pages\/3327","targetHints":{"allow":["GET"]}}],"collection":[{"href":"https:\/\/easyservice.ee\/ru\/wp-json\/wp\/v2\/pages"}],"about":[{"href":"https:\/\/easyservice.ee\/ru\/wp-json\/wp\/v2\/types\/page"}],"author":[{"embeddable":true,"href":"https:\/\/easyservice.ee\/ru\/wp-json\/wp\/v2\/users\/2"}],"replies":[{"embeddable":true,"href":"https:\/\/easyservice.ee\/ru\/wp-json\/wp\/v2\/comments?post=3327"}],"version-history":[{"count":8,"href":"https:\/\/easyservice.ee\/ru\/wp-json\/wp\/v2\/pages\/3327\/revisions"}],"predecessor-version":[{"id":5357,"href":"https:\/\/easyservice.ee\/ru\/wp-json\/wp\/v2\/pages\/3327\/revisions\/5357"}],"wp:featuredmedia":[{"embeddable":true,"href":"https:\/\/easyservice.ee\/ru\/wp-json\/wp\/v2\/media\/4369"}],"wp:attachment":[{"href":"https:\/\/easyservice.ee\/ru\/wp-json\/wp\/v2\/media?parent=3327"}],"curies":[{"name":"wp","href":"https:\/\/api.w.org\/{rel}","templated":true}]}}