{"id":3320,"date":"2017-06-24T11:59:46","date_gmt":"2017-06-24T11:59:46","guid":{"rendered":"https:\/\/easyservice.ee\/careers\/"},"modified":"2019-09-12T14:09:40","modified_gmt":"2019-09-12T14:09:40","slug":"careers","status":"publish","type":"page","link":"https:\/\/easyservice.ee\/ru\/careers\/","title":{"rendered":"\u041f\u0440\u0435\u0434\u043b\u0430\u0433\u0430\u0435\u043c \u0440\u0430\u0431\u043e\u0442\u0443"},"content":{"rendered":"\n<div class=\"wpcf7 no-js\" id=\"wpcf7-f4974-o1\" lang=\"en-US\" dir=\"ltr\" data-wpcf7-id=\"4974\">\n<div class=\"screen-reader-response\"><p role=\"status\" aria-live=\"polite\" aria-atomic=\"true\"><\/p> <ul><\/ul><\/div>\n<form action=\"\/ru\/wp-json\/wp\/v2\/pages\/3320#wpcf7-f4974-o1\" method=\"post\" class=\"wpcf7-form init\" aria-label=\"Contact form\" enctype=\"multipart\/form-data\" novalidate=\"novalidate\" data-status=\"init\">\n<div style=\"display: none;\">\n<input type=\"hidden\" name=\"_wpcf7\" value=\"4974\" \/>\n<input type=\"hidden\" name=\"_wpcf7_version\" value=\"6.0.6\" \/>\n<input type=\"hidden\" name=\"_wpcf7_locale\" value=\"en_US\" \/>\n<input type=\"hidden\" name=\"_wpcf7_unit_tag\" value=\"wpcf7-f4974-o1\" \/>\n<input type=\"hidden\" name=\"_wpcf7_container_post\" value=\"0\" \/>\n<input type=\"hidden\" name=\"_wpcf7_posted_data_hash\" value=\"\" \/>\n<input type=\"hidden\" name=\"_wpcf7_recaptcha_response\" value=\"\" \/>\n<\/div>\n<p><span class=\"wpcf7-form-control-wrap\" data-name=\"Name\"><input size=\"40\" maxlength=\"400\" class=\"wpcf7-form-control wpcf7-text wpcf7-validates-as-required\" aria-required=\"true\" aria-invalid=\"false\" placeholder=\"\u0418\u043c\u044f\" value=\"\" type=\"text\" name=\"Name\" \/><\/span><br \/>\n<span class=\"wpcf7-form-control-wrap\" data-name=\"fam\"><input size=\"40\" maxlength=\"400\" class=\"wpcf7-form-control wpcf7-text wpcf7-validates-as-required\" aria-required=\"true\" aria-invalid=\"false\" placeholder=\"\u0424\u0430\u043c\u0438\u043b\u0438\u044f\" value=\"\" type=\"text\" name=\"fam\" \/><\/span><br \/>\n<span class=\"wpcf7-form-control-wrap\" data-name=\"city\"><input size=\"40\" maxlength=\"400\" class=\"wpcf7-form-control wpcf7-text wpcf7-validates-as-required\" aria-required=\"true\" aria-invalid=\"false\" placeholder=\"\u0413\u043e\u0440\u043e\u0434\" value=\"\" type=\"text\" name=\"city\" \/><\/span><br \/>\n<span class=\"wpcf7-form-control-wrap\" data-name=\"prof\"><input size=\"40\" maxlength=\"400\" class=\"wpcf7-form-control wpcf7-text wpcf7-validates-as-required\" aria-required=\"true\" aria-invalid=\"false\" placeholder=\"\u041f\u0440\u043e\u0444\u0435\u0441\u0441\u0438\u044f\" value=\"\" type=\"text\" name=\"prof\" \/><\/span><br \/>\n<span class=\"wpcf7-form-control-wrap\" data-name=\"age\"><input size=\"40\" maxlength=\"400\" class=\"wpcf7-form-control wpcf7-text wpcf7-validates-as-required\" aria-required=\"true\" aria-invalid=\"false\" placeholder=\"\u0412\u043e\u0437\u0440\u0430\u0441\u0442\" value=\"\" type=\"text\" name=\"age\" \/><\/span><br \/>\n<span class=\"wpcf7-form-control-wrap\" data-name=\"Email\"><input size=\"40\" maxlength=\"400\" class=\"wpcf7-form-control wpcf7-email wpcf7-validates-as-required wpcf7-text wpcf7-validates-as-email\" aria-required=\"true\" aria-invalid=\"false\" placeholder=\"Email\" value=\"\" type=\"email\" name=\"Email\" \/><\/span><br \/>\n<span class=\"wpcf7-form-control-wrap\" data-name=\"Telefon\"><input size=\"40\" maxlength=\"400\" class=\"wpcf7-form-control wpcf7-text wpcf7-validates-as-required\" aria-required=\"true\" aria-invalid=\"false\" placeholder=\"\u0422\u0435\u043b\u0435\u0444\u043e\u043d\" value=\"\" type=\"text\" name=\"Telefon\" \/><\/span><br \/>\n\u041f\u0440\u0438\u043a\u0440\u0435\u043f\u0438\u0442\u044c CV<br \/>\n<span class=\"wpcf7-form-control-wrap\" data-name=\"file-799\"><input size=\"40\" class=\"wpcf7-form-control wpcf7-file\" accept=\"audio\/*,video\/*,image\/*\" aria-invalid=\"false\" type=\"file\" name=\"file-799\" \/><\/span><br \/>\n<span class=\"wpcf7-form-control-wrap\" data-name=\"Message\"><textarea cols=\"40\" rows=\"10\" maxlength=\"2000\" class=\"wpcf7-form-control wpcf7-textarea wpcf7-validates-as-required\" aria-required=\"true\" aria-invalid=\"false\" placeholder=\"\u0421\u043e\u043e\u0431\u0449\u0435\u043d\u0438\u0435\" name=\"Message\"><\/textarea><\/span><br \/>\n<input class=\"wpcf7-form-control wpcf7-submit has-spinner\" type=\"submit\" value=\"\u041e\u0442\u043f\u0440\u0430\u0432\u0438\u0442\u044c\" \/>\n<\/p><div class=\"wpcf7-response-output\" aria-hidden=\"true\"><\/div>\n<\/form>\n<\/div>\n\n","protected":false},"excerpt":{"rendered":"\u041f\u0440\u0438\u043a\u0440\u0435\u043f\u0438\u0442\u044c CV","protected":false},"author":2,"featured_media":4366,"parent":0,"menu_order":0,"comment_status":"closed","ping_status":"closed","template":"","meta":{"footnotes":""},"class_list":["post-3320","page","type-page","status-publish","has-post-thumbnail","hentry"],"yoast_head":"<!-- This site is optimized with the Yoast SEO plugin v25.0 - https:\/\/yoast.com\/wordpress\/plugins\/seo\/ -->\n<title>\u041f\u0440\u0435\u0434\u043b\u0430\u0433\u0430\u0435\u043c \u0440\u0430\u0431\u043e\u0442\u0443 - Ehitust\u00f6\u00f6d ja remondit\u00f6\u00f6d Tallinnas ja Harjumaal<\/title>\n<meta name=\"robots\" content=\"index, follow, max-snippet:-1, max-image-preview:large, max-video-preview:-1\" \/>\n<link rel=\"canonical\" href=\"http:\/\/easyservice.ee\/ru\/careers\/\" \/>\n<meta property=\"og:locale\" content=\"ru_RU\" \/>\n<meta property=\"og:type\" content=\"article\" \/>\n<meta property=\"og:title\" content=\"\u041f\u0440\u0435\u0434\u043b\u0430\u0433\u0430\u0435\u043c \u0440\u0430\u0431\u043e\u0442\u0443 - Ehitust\u00f6\u00f6d ja remondit\u00f6\u00f6d Tallinnas ja Harjumaal\" \/>\n<meta property=\"og:url\" content=\"http:\/\/easyservice.ee\/ru\/careers\/\" \/>\n<meta property=\"og:site_name\" content=\"Ehitust\u00f6\u00f6d ja remondit\u00f6\u00f6d Tallinnas ja Harjumaal\" \/>\n<meta property=\"article:modified_time\" content=\"2019-09-12T14:09:40+00:00\" \/>\n<meta property=\"og:image\" content=\"http:\/\/easyservice.ee\/wp-content\/uploads\/2019\/06\/pakume-to\u0308o\u0308d.jpg\" \/>\n\t<meta property=\"og:image:width\" content=\"1920\" \/>\n\t<meta property=\"og:image:height\" content=\"300\" \/>\n\t<meta property=\"og:image:type\" content=\"image\/jpeg\" \/>\n<meta name=\"twitter:card\" content=\"summary_large_image\" \/>\n<script type=\"application\/ld+json\" class=\"yoast-schema-graph\">{\"@context\":\"https:\/\/schema.org\",\"@graph\":[{\"@type\":\"WebPage\",\"@id\":\"http:\/\/easyservice.ee\/ru\/careers\/\",\"url\":\"http:\/\/easyservice.ee\/ru\/careers\/\",\"name\":\"\u041f\u0440\u0435\u0434\u043b\u0430\u0433\u0430\u0435\u043c \u0440\u0430\u0431\u043e\u0442\u0443 - Ehitust\u00f6\u00f6d ja remondit\u00f6\u00f6d Tallinnas ja Harjumaal\",\"isPartOf\":{\"@id\":\"http:\/\/easyservice.ee\/ru\/#website\"},\"primaryImageOfPage\":{\"@id\":\"http:\/\/easyservice.ee\/ru\/careers\/#primaryimage\"},\"image\":{\"@id\":\"http:\/\/easyservice.ee\/ru\/careers\/#primaryimage\"},\"thumbnailUrl\":\"https:\/\/easyservice.ee\/wp-content\/uploads\/2019\/06\/pakume-to\u0308o\u0308d.jpg\",\"datePublished\":\"2017-06-24T11:59:46+00:00\",\"dateModified\":\"2019-09-12T14:09:40+00:00\",\"breadcrumb\":{\"@id\":\"http:\/\/easyservice.ee\/ru\/careers\/#breadcrumb\"},\"inLanguage\":\"ru-RU\",\"potentialAction\":[{\"@type\":\"ReadAction\",\"target\":[\"http:\/\/easyservice.ee\/ru\/careers\/\"]}]},{\"@type\":\"ImageObject\",\"inLanguage\":\"ru-RU\",\"@id\":\"http:\/\/easyservice.ee\/ru\/careers\/#primaryimage\",\"url\":\"https:\/\/easyservice.ee\/wp-content\/uploads\/2019\/06\/pakume-to\u0308o\u0308d.jpg\",\"contentUrl\":\"https:\/\/easyservice.ee\/wp-content\/uploads\/2019\/06\/pakume-to\u0308o\u0308d.jpg\",\"width\":1920,\"height\":300},{\"@type\":\"BreadcrumbList\",\"@id\":\"http:\/\/easyservice.ee\/ru\/careers\/#breadcrumb\",\"itemListElement\":[{\"@type\":\"ListItem\",\"position\":1,\"name\":\"\u0413\u043b\u0430\u0432\u043d\u0430\u044f \u0441\u0442\u0440\u0430\u043d\u0438\u0446\u0430\",\"item\":\"http:\/\/easyservice.ee\/ru\/\"},{\"@type\":\"ListItem\",\"position\":2,\"name\":\"\u041f\u0440\u0435\u0434\u043b\u0430\u0433\u0430\u0435\u043c \u0440\u0430\u0431\u043e\u0442\u0443\"}]},{\"@type\":\"WebSite\",\"@id\":\"http:\/\/easyservice.ee\/ru\/#website\",\"url\":\"http:\/\/easyservice.ee\/ru\/\",\"name\":\"Ehitust\u00f6\u00f6d ja remondit\u00f6\u00f6d Tallinnas ja Harjumaal\",\"description\":\"\u041f\u0440\u043e\u0441\u0442\u043e \u0435\u0449\u0435 \u043e\u0434\u0438\u043d WordPress \u0441\u0430\u0439\u0442\",\"publisher\":{\"@id\":\"http:\/\/easyservice.ee\/ru\/#organization\"},\"potentialAction\":[{\"@type\":\"SearchAction\",\"target\":{\"@type\":\"EntryPoint\",\"urlTemplate\":\"http:\/\/easyservice.ee\/ru\/?s={search_term_string}\"},\"query-input\":{\"@type\":\"PropertyValueSpecification\",\"valueRequired\":true,\"valueName\":\"search_term_string\"}}],\"inLanguage\":\"ru-RU\"},{\"@type\":\"Organization\",\"@id\":\"http:\/\/easyservice.ee\/ru\/#organization\",\"name\":\"Easy Service\",\"url\":\"http:\/\/easyservice.ee\/ru\/\",\"logo\":{\"@type\":\"ImageObject\",\"inLanguage\":\"ru-RU\",\"@id\":\"http:\/\/easyservice.ee\/ru\/#\/schema\/logo\/image\/\",\"url\":\"https:\/\/easyservice.ee\/wp-content\/uploads\/2019\/10\/easyservicelogo.png\",\"contentUrl\":\"https:\/\/easyservice.ee\/wp-content\/uploads\/2019\/10\/easyservicelogo.png\",\"width\":378,\"height\":122,\"caption\":\"Easy Service\"},\"image\":{\"@id\":\"http:\/\/easyservice.ee\/ru\/#\/schema\/logo\/image\/\"}}]}<\/script>\n<!-- \/ Yoast SEO plugin. -->","yoast_head_json":{"title":"\u041f\u0440\u0435\u0434\u043b\u0430\u0433\u0430\u0435\u043c \u0440\u0430\u0431\u043e\u0442\u0443 - Ehitust\u00f6\u00f6d ja remondit\u00f6\u00f6d Tallinnas ja Harjumaal","robots":{"index":"index","follow":"follow","max-snippet":"max-snippet:-1","max-image-preview":"max-image-preview:large","max-video-preview":"max-video-preview:-1"},"canonical":"http:\/\/easyservice.ee\/ru\/careers\/","og_locale":"ru_RU","og_type":"article","og_title":"\u041f\u0440\u0435\u0434\u043b\u0430\u0433\u0430\u0435\u043c \u0440\u0430\u0431\u043e\u0442\u0443 - Ehitust\u00f6\u00f6d ja remondit\u00f6\u00f6d Tallinnas ja Harjumaal","og_url":"http:\/\/easyservice.ee\/ru\/careers\/","og_site_name":"Ehitust\u00f6\u00f6d ja remondit\u00f6\u00f6d Tallinnas ja Harjumaal","article_modified_time":"2019-09-12T14:09:40+00:00","og_image":[{"width":1920,"height":300,"url":"http:\/\/easyservice.ee\/wp-content\/uploads\/2019\/06\/pakume-to\u0308o\u0308d.jpg","type":"image\/jpeg"}],"twitter_card":"summary_large_image","schema":{"@context":"https:\/\/schema.org","@graph":[{"@type":"WebPage","@id":"http:\/\/easyservice.ee\/ru\/careers\/","url":"http:\/\/easyservice.ee\/ru\/careers\/","name":"\u041f\u0440\u0435\u0434\u043b\u0430\u0433\u0430\u0435\u043c \u0440\u0430\u0431\u043e\u0442\u0443 - Ehitust\u00f6\u00f6d ja remondit\u00f6\u00f6d Tallinnas ja Harjumaal","isPartOf":{"@id":"http:\/\/easyservice.ee\/ru\/#website"},"primaryImageOfPage":{"@id":"http:\/\/easyservice.ee\/ru\/careers\/#primaryimage"},"image":{"@id":"http:\/\/easyservice.ee\/ru\/careers\/#primaryimage"},"thumbnailUrl":"https:\/\/easyservice.ee\/wp-content\/uploads\/2019\/06\/pakume-to\u0308o\u0308d.jpg","datePublished":"2017-06-24T11:59:46+00:00","dateModified":"2019-09-12T14:09:40+00:00","breadcrumb":{"@id":"http:\/\/easyservice.ee\/ru\/careers\/#breadcrumb"},"inLanguage":"ru-RU","potentialAction":[{"@type":"ReadAction","target":["http:\/\/easyservice.ee\/ru\/careers\/"]}]},{"@type":"ImageObject","inLanguage":"ru-RU","@id":"http:\/\/easyservice.ee\/ru\/careers\/#primaryimage","url":"https:\/\/easyservice.ee\/wp-content\/uploads\/2019\/06\/pakume-to\u0308o\u0308d.jpg","contentUrl":"https:\/\/easyservice.ee\/wp-content\/uploads\/2019\/06\/pakume-to\u0308o\u0308d.jpg","width":1920,"height":300},{"@type":"BreadcrumbList","@id":"http:\/\/easyservice.ee\/ru\/careers\/#breadcrumb","itemListElement":[{"@type":"ListItem","position":1,"name":"\u0413\u043b\u0430\u0432\u043d\u0430\u044f \u0441\u0442\u0440\u0430\u043d\u0438\u0446\u0430","item":"http:\/\/easyservice.ee\/ru\/"},{"@type":"ListItem","position":2,"name":"\u041f\u0440\u0435\u0434\u043b\u0430\u0433\u0430\u0435\u043c \u0440\u0430\u0431\u043e\u0442\u0443"}]},{"@type":"WebSite","@id":"http:\/\/easyservice.ee\/ru\/#website","url":"http:\/\/easyservice.ee\/ru\/","name":"Ehitust\u00f6\u00f6d ja remondit\u00f6\u00f6d Tallinnas ja Harjumaal","description":"\u041f\u0440\u043e\u0441\u0442\u043e \u0435\u0449\u0435 \u043e\u0434\u0438\u043d WordPress \u0441\u0430\u0439\u0442","publisher":{"@id":"http:\/\/easyservice.ee\/ru\/#organization"},"potentialAction":[{"@type":"SearchAction","target":{"@type":"EntryPoint","urlTemplate":"http:\/\/easyservice.ee\/ru\/?s={search_term_string}"},"query-input":{"@type":"PropertyValueSpecification","valueRequired":true,"valueName":"search_term_string"}}],"inLanguage":"ru-RU"},{"@type":"Organization","@id":"http:\/\/easyservice.ee\/ru\/#organization","name":"Easy Service","url":"http:\/\/easyservice.ee\/ru\/","logo":{"@type":"ImageObject","inLanguage":"ru-RU","@id":"http:\/\/easyservice.ee\/ru\/#\/schema\/logo\/image\/","url":"https:\/\/easyservice.ee\/wp-content\/uploads\/2019\/10\/easyservicelogo.png","contentUrl":"https:\/\/easyservice.ee\/wp-content\/uploads\/2019\/10\/easyservicelogo.png","width":378,"height":122,"caption":"Easy Service"},"image":{"@id":"http:\/\/easyservice.ee\/ru\/#\/schema\/logo\/image\/"}}]}},"_links":{"self":[{"href":"https:\/\/easyservice.ee\/ru\/wp-json\/wp\/v2\/pages\/3320","targetHints":{"allow":["GET"]}}],"collection":[{"href":"https:\/\/easyservice.ee\/ru\/wp-json\/wp\/v2\/pages"}],"about":[{"href":"https:\/\/easyservice.ee\/ru\/wp-json\/wp\/v2\/types\/page"}],"author":[{"embeddable":true,"href":"https:\/\/easyservice.ee\/ru\/wp-json\/wp\/v2\/users\/2"}],"replies":[{"embeddable":true,"href":"https:\/\/easyservice.ee\/ru\/wp-json\/wp\/v2\/comments?post=3320"}],"version-history":[{"count":9,"href":"https:\/\/easyservice.ee\/ru\/wp-json\/wp\/v2\/pages\/3320\/revisions"}],"predecessor-version":[{"id":4980,"href":"https:\/\/easyservice.ee\/ru\/wp-json\/wp\/v2\/pages\/3320\/revisions\/4980"}],"wp:featuredmedia":[{"embeddable":true,"href":"https:\/\/easyservice.ee\/ru\/wp-json\/wp\/v2\/media\/4366"}],"wp:attachment":[{"href":"https:\/\/easyservice.ee\/ru\/wp-json\/wp\/v2\/media?parent=3320"}],"curies":[{"name":"wp","href":"https:\/\/api.w.org\/{rel}","templated":true}]}}