{"id":3300,"date":"2013-03-20T10:44:29","date_gmt":"2013-03-20T10:44:29","guid":{"rendered":"https:\/\/easyservice.ee\/vali-teenus\/"},"modified":"2019-06-12T17:54:28","modified_gmt":"2019-06-12T17:54:28","slug":"vali-teenus","status":"publish","type":"page","link":"https:\/\/easyservice.ee\/ru\/vali-teenus\/","title":{"rendered":"\u0423\u0441\u043b\u0443\u0433\u0438 \u0438 \u0426\u0435\u043d\u044b"},"content":{"rendered":"<p><!--:ET-->[tabs][thead]<\/p>\n<p>[tab class=&#8221;active&#8221; type=&#8221;tab&#8221; href=&#8221;#dws_first_tab6&#8243; title=&#8221;KORTERI REMONT&#8221;]<br class=\"nc\" \/>[\/thead][tcontents]<br class=\"nc\" \/>[tcontent class=&#8221;active&#8221; id=&#8221;dws_first_tab6&#8243;]<\/p>\n<p>[button size=&#8221;normal&#8221; type=&#8221;info&#8221; value=&#8221;Hinnad&#8221; href=&#8221;https:\/\/easyservice.ee\/korteri-remont\/teenused-ja-hinnad\/&#8221;] [button size=&#8221;normal&#8221; type=&#8221;default&#8221; value=&#8221;Kosmeetiline remont&#8221; href=&#8221;https:\/\/easyservice.ee\/korteri-remont\/kosmeetiline-remont\/&#8221;] [button size=&#8221;normal&#8221; type=&#8221;default&#8221; value=&#8221;Euroremont&#8221; href=&#8221;https:\/\/easyservice.ee\/korteri-remont\/korteri-euroremont\/&#8221;] [button size=&#8221;normal&#8221; type=&#8221;default&#8221; value=&#8221;Kapitaalremont&#8221; href=&#8221;https:\/\/easyservice.ee\/korteri-remont\/kapitaalremont\/&#8221;] [\/tcontent]<br class=\"nc\" \/>[\/tcontents]<br class=\"nc\" \/>[\/tabs]<\/p>\n<p>[tabs]<br class=\"nc\" \/>[thead]<br class=\"nc\" \/>[tab class=&#8221;active&#8221; type=&#8221;tab&#8221; href=&#8221;#dws_first_tab62&#8243; title=&#8221;KONTORIRUUMIDE REMONT&#8221;]<br class=\"nc\" \/>[\/thead][tcontents]<br class=\"nc\" \/>[tcontent class=&#8221;active&#8221; id=&#8221;dws_first_tab62&#8243;]<\/p>\n<p>[button size=&#8221;normal&#8221; type=&#8221;info&#8221; value=&#8221;Hinnad&#8221; href=&#8221;https:\/\/easyservice.ee\/kontoriruumide-remont\/teenused-ja-hinnad\/&#8221;] [button size=&#8221;normal&#8221; type=&#8221;default&#8221; value=&#8221;Sanitaarremont&#8221; href=&#8221;https:\/\/easyservice.ee\/kontoriruumide-remont\/sanitaarremont-kontoris\/&#8221;] [button size=&#8221;normal&#8221; type=&#8221;default&#8221; value=&#8221;Kapitaalremont&#8221; href=&#8221;https:\/\/easyservice.ee\/kontoriruumide-remont\/kapitaalremont\/&#8221;] [button size=&#8221;normal&#8221; type=&#8221;default&#8221; value=&#8221;K\u00f5ik teenused&#8221; href=&#8221;https:\/\/easyservice.ee\/kontoriruumide-remont\/buroo-remont-koik-teenused\/&#8221;][\/tcontent]<br class=\"nc\" \/>[\/tcontents]<br class=\"nc\" \/>[\/tabs]<\/p>\n<p>[tabs]<br class=\"nc\" \/>[thead]<br class=\"nc\" \/>[tab class=&#8221;active&#8221; type=&#8221;tab&#8221; href=&#8221;#dws_first_tab73&#8243; title=&#8221;SANTEHNILISED T\u00d6\u00d6D&#8221;]<br class=\"nc\" \/>[\/thead][tcontents]<br class=\"nc\" \/>[tcontent class=&#8221;active&#8221; id=&#8221;dws_first_tab73&#8243;]<\/p>\n<p>[button size=&#8221;normal&#8221; type=&#8221;info&#8221; value=&#8221;Hinnad&#8221; href=&#8221;https:\/\/easyservice.ee\/santehnilised-tood\/teenused-ja-hinnad\/&#8221;] [button size=&#8221;normal&#8221; type=&#8221;default&#8221; value=&#8221;Santehniku v\u00e4ljakutse&#8221; href=&#8221;https:\/\/easyservice.ee\/santehnilised-tood\/santehniku-valjakutse\/&#8221;] [button size=&#8221;normal&#8221; type=&#8221;default&#8221; value=&#8221;K\u00f5ik Teenused&#8221; href=&#8221;https:\/\/easyservice.ee\/santehnilised-tood\/koik-teenused\/&#8221;][\/tcontent]<br class=\"nc\" \/>[\/tcontents]<br class=\"nc\" \/>[\/tabs]<\/p>\n<p>[tabs]<br class=\"nc\" \/>[thead]<br class=\"nc\" \/>[tab class=&#8221;active&#8221; type=&#8221;tab&#8221; href=&#8221;#dws_first_tab8&#8243; title=&#8221;RENOVEERIMINE&#8221;]<br class=\"nc\" \/>[\/thead][tcontents]<br class=\"nc\" \/>[tcontent class=&#8221;active&#8221; id=&#8221;dws_first_tab8&#8243;][button size=&#8221;normal&#8221; type=&#8221;info&#8221; value=&#8221;Hinnad&#8221; href=&#8221;https:\/\/easyservice.ee\/renoveerimine\/teenused-ja-hinnad\/&#8221;] [button size=&#8221;normal&#8221; type=&#8221;default&#8221; value=&#8221;Energiasaastlik&#8221; href=&#8221;https:\/\/easyservice.ee\/renoveerimine\/energiasaastlik\/&#8221;] [\/tcontent]<br class=\"nc\" \/>[\/tcontents]<br class=\"nc\" \/>[\/tabs]<!--:--><!--:ru-->[tabs]<br class=\"nc\" \/>[thead]<br class=\"nc\" \/>[tab class=&#8221;active&#8221; type=&#8221;tab&#8221; href=&#8221;#dws_first_tab99&#8243; title=&#8221;\u0420\u0415\u041c\u041e\u041d\u0422 \u041a\u0412\u0410\u0422\u0418\u0420\u042b&#8221;]<br class=\"nc\" \/>[\/thead][tcontents]<br class=\"nc\" \/>[tcontent class=&#8221;active&#8221; id=&#8221;dws_first_tab99&#8243;][button size=&#8221;normal&#8221; type=&#8221;info&#8221; value=&#8221;\u0426\u0435\u043d\u044b&#8221; href=&#8221;https:\/\/easyservice.ee\/ru\/korteri-remont\/teenused-ja-hinnad\/&#8221;] [button size=&#8221;normal&#8221; type=&#8221;default&#8221; value=&#8221;\u041a\u043e\u0441\u043c\u0435\u0442\u0438\u0447\u0435\u0441\u043a\u0438\u0439 \u0440\u0435\u043c\u043e\u043d\u0442&#8221; href=&#8221;https:\/\/easyservice.ee\/ru\/korteri-remont\/kosmeetiline-remont\/&#8221;] [button size=&#8221;normal&#8221; type=&#8221;default&#8221; value=&#8221;\u0415\u0432\u0440\u043e \u0440\u0435\u043c\u043e\u043d\u0442&#8221; href=&#8221;https:\/\/easyservice.ee\/ru\/korteri-remont\/korteri-euroremont\/&#8221;] [button size=&#8221;normal&#8221; type=&#8221;default&#8221; value=&#8221;\u041a\u0430\u043f\u0438\u0442\u0430\u043b\u044c\u043d\u044b\u0439 \u0440\u0435\u043c\u043e\u043d\u0442&#8221; href=&#8221;https:\/\/easyservice.ee\/ru\/korteri-remont\/kapitaalremont\/&#8221;]\u00a0<br class=\"nc\" \/>[\/tcontents]<br class=\"nc\" \/>[\/tabs]<\/p>\n<p>\u00a0<\/p>\n<p>[tabs]<br class=\"nc\" \/>[thead]<br class=\"nc\" \/>[tab class=&#8221;active&#8221; type=&#8221;tab&#8221; href=&#8221;#dws_first_tab31&#8243; title=&#8221;\u0420\u0415\u041c\u041e\u041d\u0422 \u041e\u0424\u0418\u0421\u041d\u042b\u0425 \u041f\u041e\u041c\u0415\u0429\u0415\u041d\u0418\u0419&#8221;]<br class=\"nc\" \/>[\/thead][tcontents]<br class=\"nc\" \/>[tcontent class=&#8221;active&#8221; id=&#8221;dws_first_tab31&#8243;][button size=&#8221;normal&#8221; type=&#8221;info&#8221; value=&#8221;\u0426\u0435\u043d\u044b&#8221; href=&#8221;https:\/\/easyservice.ee\/ru\/kontoriruumide-remont\/teenused-ja-hinnad\/&#8221;] [button size=&#8221;normal&#8221; type=&#8221;default&#8221; value=&#8221;\u0421\u0430\u043d\u0438\u0442\u0430\u0440\u043d\u044b\u0439 \u0440\u0435\u043c\u043e\u043d\u0442&#8221; href=&#8221;https:\/\/easyservice.ee\/ru\/kontoriruumide-remont\/sanitaarremont-kontoris\/&#8221;] [button size=&#8221;normal&#8221; type=&#8221;default&#8221; value=&#8221;\u041a\u0430\u043f\u0438\u0442\u0430\u043b\u044c\u043d\u044b\u0439 \u0440\u0435\u043c\u043e\u043d\u0442&#8221; href=&#8221;https:\/\/easyservice.ee\/ru\/kontoriruumide-remont\/kapitaalremont\/&#8221;] [button size=&#8221;normal&#8221; type=&#8221;default&#8221; value=&#8221;\u0412\u0441\u0435 \u0443\u0441\u043b\u0443\u0433\u0438&#8221; href=&#8221;https:\/\/easyservice.ee\/ru\/kontoriruumide-remont\/buroo-remont-koik-teenused\/&#8221;][\/tcontent]<br class=\"nc\" \/>[\/tcontents]<br class=\"nc\" \/>[\/tabs]<\/p>\n<p>\u00a0<\/p>\n<p>[tabs]<br class=\"nc\" \/>[thead]<br class=\"nc\" \/>[tab class=&#8221;active&#8221; type=&#8221;tab&#8221; href=&#8221;#dws_first_tab48&#8243; title=&#8221;\u0421\u0410\u041d\u0422\u0415\u0425\u041d\u0418\u0427\u0415\u0421\u041a\u0418\u0415 \u0420\u0410\u0411\u041e\u0422\u042b&#8221;]<br class=\"nc\" \/>[\/thead][tcontents]<br class=\"nc\" \/>[tcontent class=&#8221;active&#8221; id=&#8221;dws_first_tab48&#8243;][button size=&#8221;normal&#8221; type=&#8221;info&#8221; value=&#8221;\u0426\u0435\u043d\u044b&#8221; href=&#8221;https:\/\/easyservice.ee\/ru\/santehnilised-tood\/teenused-ja-hinnad\/&#8221;] [button size=&#8221;normal&#8221; type=&#8221;default&#8221; value=&#8221;\u0412\u044b\u0437\u043e\u0432 \u0421\u0430\u043d\u0442\u0435\u0445\u043d\u0438\u043a\u0430&#8221; href=&#8221;https:\/\/easyservice.ee\/ru\/santehnilised-tood\/santehniku-valjakutse\/&#8221;] [button size=&#8221;normal&#8221; type=&#8221;default&#8221; value=&#8221;\u0412\u0441\u0435 \u0443\u0441\u043b\u0443\u0433\u0438&#8221; href=&#8221;https:\/\/easyservice.ee\/ru\/santehnilised-tood\/koik-teenused\/&#8221;][\/tcontent]<br class=\"nc\" \/>[\/tcontents]<br class=\"nc\" \/>[\/tabs]<\/p>\n<p>\u00a0<\/p>\n<p>[tabs]<br class=\"nc\" \/>[thead]<br class=\"nc\" \/>[tab class=&#8221;active&#8221; type=&#8221;tab&#8221; href=&#8221;#dws_first_tab35&#8243; title=&#8221;\u0420\u0415\u041d\u041e\u0412\u0410\u0426\u0418\u042f&#8221;]<br class=\"nc\" \/>[\/thead][tcontents]<br class=\"nc\" \/>[tcontent class=&#8221;active&#8221; id=&#8221;dws_first_tab35&#8243;][button size=&#8221;normal&#8221; type=&#8221;info&#8221; value=&#8221;\u0426\u0435\u043d\u044b&#8221; href=&#8221;https:\/\/easyservice.ee\/ru\/renoveerimine\/teenused-ja-hinnad\/&#8221;] [button size=&#8221;normal&#8221; type=&#8221;default&#8221; value=&#8221;\u042d\u043d\u0435\u0440\u0433\u043e\u0441\u0431\u0435\u0440\u0435\u0436\u0435\u043d\u0438\u0435&#8221; href=&#8221;https:\/\/easyservice.ee\/ru\/renoveerimine\/energiasaastlik\/&#8221;][\/tcontent]<br class=\"nc\" \/>[\/tcontents]<br class=\"nc\" \/>[\/tabs]<!--:--><\/p>\n","protected":false},"excerpt":{"rendered":"<p>[tabs][thead] [tab class=&#8221;active&#8221; type=&#8221;tab&#8221; href=&#8221;#dws_first_tab6&#8243; title=&#8221;KORTERI REMONT&#8221;][\/thead][tcontents][tcontent class=&#8221;active&#8221; id=&#8221;dws_first_tab6&#8243;] [button size=&#8221;normal&#8221; type=&#8221;info&#8221; value=&#8221;Hinnad&#8221; href=&#8221;https:\/\/easyservice.ee\/korteri-remont\/teenused-ja-hinnad\/&#8221;] [button size=&#8221;normal&#8221; type=&#8221;default&#8221; value=&#8221;Kosmeetiline remont&#8221; href=&#8221;https:\/\/easyservice.ee\/korteri-remont\/kosmeetiline-remont\/&#8221;] [button size=&#8221;normal&#8221; type=&#8221;default&#8221; [&hellip;]<\/p>\n","protected":false},"author":1,"featured_media":0,"parent":0,"menu_order":0,"comment_status":"closed","ping_status":"closed","template":"","meta":{"footnotes":""},"class_list":["post-3300","page","type-page","status-publish","hentry"],"yoast_head":"<!-- This site is optimized with the Yoast SEO plugin v25.0 - https:\/\/yoast.com\/wordpress\/plugins\/seo\/ -->\n<title>\u0423\u0441\u043b\u0443\u0433\u0438 \u0438 \u0426\u0435\u043d\u044b - Ehitust\u00f6\u00f6d ja remondit\u00f6\u00f6d Tallinnas ja Harjumaal<\/title>\n<meta name=\"robots\" content=\"index, follow, max-snippet:-1, max-image-preview:large, max-video-preview:-1\" \/>\n<link rel=\"canonical\" href=\"https:\/\/easyservice.ee\/ru\/vali-teenus\/\" \/>\n<meta property=\"og:locale\" content=\"ru_RU\" \/>\n<meta property=\"og:type\" content=\"article\" \/>\n<meta property=\"og:title\" content=\"\u0423\u0441\u043b\u0443\u0433\u0438 \u0438 \u0426\u0435\u043d\u044b - Ehitust\u00f6\u00f6d ja remondit\u00f6\u00f6d Tallinnas ja Harjumaal\" \/>\n<meta property=\"og:description\" content=\"[tabs][thead] [tab class=&#8221;active&#8221; type=&#8221;tab&#8221; href=&#8221;#dws_first_tab6&#8243; title=&#8221;KORTERI REMONT&#8221;][\/thead][tcontents][tcontent class=&#8221;active&#8221; id=&#8221;dws_first_tab6&#8243;] [button size=&#8221;normal&#8221; type=&#8221;info&#8221; value=&#8221;Hinnad&#8221; href=&#8221;https:\/\/easyservice.ee\/korteri-remont\/teenused-ja-hinnad\/&#8221;] [button size=&#8221;normal&#8221; type=&#8221;default&#8221; value=&#8221;Kosmeetiline remont&#8221; href=&#8221;https:\/\/easyservice.ee\/korteri-remont\/kosmeetiline-remont\/&#8221;] [button size=&#8221;normal&#8221; type=&#8221;default&#8221; [&hellip;]\" \/>\n<meta property=\"og:url\" content=\"https:\/\/easyservice.ee\/ru\/vali-teenus\/\" \/>\n<meta property=\"og:site_name\" content=\"Ehitust\u00f6\u00f6d ja remondit\u00f6\u00f6d Tallinnas ja Harjumaal\" \/>\n<meta property=\"article:modified_time\" content=\"2019-06-12T17:54:28+00:00\" \/>\n<meta name=\"twitter:card\" content=\"summary_large_image\" \/>\n<meta name=\"twitter:label1\" content=\"\u041f\u0440\u0438\u043c\u0435\u0440\u043d\u043e\u0435 \u0432\u0440\u0435\u043c\u044f \u0434\u043b\u044f \u0447\u0442\u0435\u043d\u0438\u044f\" \/>\n\t<meta name=\"twitter:data1\" content=\"3 \u043c\u0438\u043d\u0443\u0442\u044b\" \/>\n<script type=\"application\/ld+json\" class=\"yoast-schema-graph\">{\"@context\":\"https:\/\/schema.org\",\"@graph\":[{\"@type\":\"WebPage\",\"@id\":\"https:\/\/easyservice.ee\/ru\/vali-teenus\/\",\"url\":\"https:\/\/easyservice.ee\/ru\/vali-teenus\/\",\"name\":\"\u0423\u0441\u043b\u0443\u0433\u0438 \u0438 \u0426\u0435\u043d\u044b - Ehitust\u00f6\u00f6d ja remondit\u00f6\u00f6d Tallinnas ja Harjumaal\",\"isPartOf\":{\"@id\":\"http:\/\/easyservice.ee\/#website\"},\"datePublished\":\"2013-03-20T10:44:29+00:00\",\"dateModified\":\"2019-06-12T17:54:28+00:00\",\"breadcrumb\":{\"@id\":\"https:\/\/easyservice.ee\/ru\/vali-teenus\/#breadcrumb\"},\"inLanguage\":\"ru-RU\",\"potentialAction\":[{\"@type\":\"ReadAction\",\"target\":[\"https:\/\/easyservice.ee\/ru\/vali-teenus\/\"]}]},{\"@type\":\"BreadcrumbList\",\"@id\":\"https:\/\/easyservice.ee\/ru\/vali-teenus\/#breadcrumb\",\"itemListElement\":[{\"@type\":\"ListItem\",\"position\":1,\"name\":\"\u0413\u043b\u0430\u0432\u043d\u0430\u044f \u0441\u0442\u0440\u0430\u043d\u0438\u0446\u0430\",\"item\":\"https:\/\/easyservice.ee\/ru\/\"},{\"@type\":\"ListItem\",\"position\":2,\"name\":\"\u0423\u0441\u043b\u0443\u0433\u0438 \u0438 \u0426\u0435\u043d\u044b\"}]},{\"@type\":\"WebSite\",\"@id\":\"http:\/\/easyservice.ee\/#website\",\"url\":\"http:\/\/easyservice.ee\/\",\"name\":\"Ehitust\u00f6\u00f6d ja remondit\u00f6\u00f6d Tallinnas ja Harjumaal\",\"description\":\"\u041f\u0440\u043e\u0441\u0442\u043e \u0435\u0449\u0435 \u043e\u0434\u0438\u043d WordPress \u0441\u0430\u0439\u0442\",\"publisher\":{\"@id\":\"http:\/\/easyservice.ee\/#organization\"},\"potentialAction\":[{\"@type\":\"SearchAction\",\"target\":{\"@type\":\"EntryPoint\",\"urlTemplate\":\"http:\/\/easyservice.ee\/?s={search_term_string}\"},\"query-input\":{\"@type\":\"PropertyValueSpecification\",\"valueRequired\":true,\"valueName\":\"search_term_string\"}}],\"inLanguage\":\"ru-RU\"},{\"@type\":\"Organization\",\"@id\":\"http:\/\/easyservice.ee\/#organization\",\"name\":\"Easy Service\",\"url\":\"http:\/\/easyservice.ee\/\",\"logo\":{\"@type\":\"ImageObject\",\"inLanguage\":\"ru-RU\",\"@id\":\"http:\/\/easyservice.ee\/#\/schema\/logo\/image\/\",\"url\":\"https:\/\/easyservice.ee\/wp-content\/uploads\/2019\/10\/easyservicelogo.png\",\"contentUrl\":\"https:\/\/easyservice.ee\/wp-content\/uploads\/2019\/10\/easyservicelogo.png\",\"width\":378,\"height\":122,\"caption\":\"Easy Service\"},\"image\":{\"@id\":\"http:\/\/easyservice.ee\/#\/schema\/logo\/image\/\"}}]}<\/script>\n<!-- \/ Yoast SEO plugin. -->","yoast_head_json":{"title":"\u0423\u0441\u043b\u0443\u0433\u0438 \u0438 \u0426\u0435\u043d\u044b - Ehitust\u00f6\u00f6d ja remondit\u00f6\u00f6d Tallinnas ja Harjumaal","robots":{"index":"index","follow":"follow","max-snippet":"max-snippet:-1","max-image-preview":"max-image-preview:large","max-video-preview":"max-video-preview:-1"},"canonical":"https:\/\/easyservice.ee\/ru\/vali-teenus\/","og_locale":"ru_RU","og_type":"article","og_title":"\u0423\u0441\u043b\u0443\u0433\u0438 \u0438 \u0426\u0435\u043d\u044b - Ehitust\u00f6\u00f6d ja remondit\u00f6\u00f6d Tallinnas ja Harjumaal","og_description":"[tabs][thead] [tab class=&#8221;active&#8221; type=&#8221;tab&#8221; href=&#8221;#dws_first_tab6&#8243; title=&#8221;KORTERI REMONT&#8221;][\/thead][tcontents][tcontent class=&#8221;active&#8221; id=&#8221;dws_first_tab6&#8243;] [button size=&#8221;normal&#8221; type=&#8221;info&#8221; value=&#8221;Hinnad&#8221; href=&#8221;https:\/\/easyservice.ee\/korteri-remont\/teenused-ja-hinnad\/&#8221;] [button size=&#8221;normal&#8221; type=&#8221;default&#8221; value=&#8221;Kosmeetiline remont&#8221; href=&#8221;https:\/\/easyservice.ee\/korteri-remont\/kosmeetiline-remont\/&#8221;] [button size=&#8221;normal&#8221; type=&#8221;default&#8221; [&hellip;]","og_url":"https:\/\/easyservice.ee\/ru\/vali-teenus\/","og_site_name":"Ehitust\u00f6\u00f6d ja remondit\u00f6\u00f6d Tallinnas ja Harjumaal","article_modified_time":"2019-06-12T17:54:28+00:00","twitter_card":"summary_large_image","twitter_misc":{"\u041f\u0440\u0438\u043c\u0435\u0440\u043d\u043e\u0435 \u0432\u0440\u0435\u043c\u044f \u0434\u043b\u044f \u0447\u0442\u0435\u043d\u0438\u044f":"3 \u043c\u0438\u043d\u0443\u0442\u044b"},"schema":{"@context":"https:\/\/schema.org","@graph":[{"@type":"WebPage","@id":"https:\/\/easyservice.ee\/ru\/vali-teenus\/","url":"https:\/\/easyservice.ee\/ru\/vali-teenus\/","name":"\u0423\u0441\u043b\u0443\u0433\u0438 \u0438 \u0426\u0435\u043d\u044b - Ehitust\u00f6\u00f6d ja remondit\u00f6\u00f6d Tallinnas ja Harjumaal","isPartOf":{"@id":"http:\/\/easyservice.ee\/#website"},"datePublished":"2013-03-20T10:44:29+00:00","dateModified":"2019-06-12T17:54:28+00:00","breadcrumb":{"@id":"https:\/\/easyservice.ee\/ru\/vali-teenus\/#breadcrumb"},"inLanguage":"ru-RU","potentialAction":[{"@type":"ReadAction","target":["https:\/\/easyservice.ee\/ru\/vali-teenus\/"]}]},{"@type":"BreadcrumbList","@id":"https:\/\/easyservice.ee\/ru\/vali-teenus\/#breadcrumb","itemListElement":[{"@type":"ListItem","position":1,"name":"\u0413\u043b\u0430\u0432\u043d\u0430\u044f \u0441\u0442\u0440\u0430\u043d\u0438\u0446\u0430","item":"https:\/\/easyservice.ee\/ru\/"},{"@type":"ListItem","position":2,"name":"\u0423\u0441\u043b\u0443\u0433\u0438 \u0438 \u0426\u0435\u043d\u044b"}]},{"@type":"WebSite","@id":"http:\/\/easyservice.ee\/#website","url":"http:\/\/easyservice.ee\/","name":"Ehitust\u00f6\u00f6d ja remondit\u00f6\u00f6d Tallinnas ja Harjumaal","description":"\u041f\u0440\u043e\u0441\u0442\u043e \u0435\u0449\u0435 \u043e\u0434\u0438\u043d WordPress \u0441\u0430\u0439\u0442","publisher":{"@id":"http:\/\/easyservice.ee\/#organization"},"potentialAction":[{"@type":"SearchAction","target":{"@type":"EntryPoint","urlTemplate":"http:\/\/easyservice.ee\/?s={search_term_string}"},"query-input":{"@type":"PropertyValueSpecification","valueRequired":true,"valueName":"search_term_string"}}],"inLanguage":"ru-RU"},{"@type":"Organization","@id":"http:\/\/easyservice.ee\/#organization","name":"Easy Service","url":"http:\/\/easyservice.ee\/","logo":{"@type":"ImageObject","inLanguage":"ru-RU","@id":"http:\/\/easyservice.ee\/#\/schema\/logo\/image\/","url":"https:\/\/easyservice.ee\/wp-content\/uploads\/2019\/10\/easyservicelogo.png","contentUrl":"https:\/\/easyservice.ee\/wp-content\/uploads\/2019\/10\/easyservicelogo.png","width":378,"height":122,"caption":"Easy Service"},"image":{"@id":"http:\/\/easyservice.ee\/#\/schema\/logo\/image\/"}}]}},"_links":{"self":[{"href":"https:\/\/easyservice.ee\/ru\/wp-json\/wp\/v2\/pages\/3300","targetHints":{"allow":["GET"]}}],"collection":[{"href":"https:\/\/easyservice.ee\/ru\/wp-json\/wp\/v2\/pages"}],"about":[{"href":"https:\/\/easyservice.ee\/ru\/wp-json\/wp\/v2\/types\/page"}],"author":[{"embeddable":true,"href":"https:\/\/easyservice.ee\/ru\/wp-json\/wp\/v2\/users\/1"}],"replies":[{"embeddable":true,"href":"https:\/\/easyservice.ee\/ru\/wp-json\/wp\/v2\/comments?post=3300"}],"version-history":[{"count":1,"href":"https:\/\/easyservice.ee\/ru\/wp-json\/wp\/v2\/pages\/3300\/revisions"}],"predecessor-version":[{"id":3513,"href":"https:\/\/easyservice.ee\/ru\/wp-json\/wp\/v2\/pages\/3300\/revisions\/3513"}],"wp:attachment":[{"href":"https:\/\/easyservice.ee\/ru\/wp-json\/wp\/v2\/media?parent=3300"}],"curies":[{"name":"wp","href":"https:\/\/api.w.org\/{rel}","templated":true}]}}