{"id":5109,"date":"2019-10-10T19:27:53","date_gmt":"2019-10-10T19:27:53","guid":{"rendered":"https:\/\/easyservice.ee\/?page_id=5109"},"modified":"2019-10-10T19:27:53","modified_gmt":"2019-10-10T19:27:53","slug":"vyberite-uslugu","status":"publish","type":"page","link":"http:\/\/easyservice.ee\/ru\/vyberite-uslugu\/","title":{"rendered":"\u0412\u044b\u0431\u0435\u0440\u0438\u0442\u0435 \u0443\u0441\u043b\u0443\u0433\u0443"},"content":{"rendered":"<div class=\"wpb-content-wrapper\"><p>[vc_row][vc_column][vc_separator][\/vc_column][\/vc_row][vc_row][vc_column width=&#8221;1\/3&#8243;][vc_column_text]<a href=\"\/?page_id=3263\"><img loading=\"lazy\" decoding=\"async\" class=\"aligncenter size-medium wp-image-5083\" src=\"https:\/\/easyservice.ee\/wp-content\/uploads\/2019\/10\/remont-kvartirq-300x300.jpg\" alt=\"\" width=\"300\" height=\"300\" srcset=\"http:\/\/easyservice.ee\/wp-content\/uploads\/2019\/10\/remont-kvartirq-300x300.jpg 300w, http:\/\/easyservice.ee\/wp-content\/uploads\/2019\/10\/remont-kvartirq-150x150.jpg 150w, http:\/\/easyservice.ee\/wp-content\/uploads\/2019\/10\/remont-kvartirq.jpg 600w\" sizes=\"auto, (max-width: 300px) 100vw, 300px\" \/><\/a>[\/vc_column_text][\/vc_column][vc_column width=&#8221;1\/3&#8243;][vc_column_text]<a href=\"\/?page_id=3253\"><img loading=\"lazy\" decoding=\"async\" class=\"aligncenter size-medium wp-image-5081\" src=\"https:\/\/easyservice.ee\/wp-content\/uploads\/2019\/10\/remont-ofisa-300x300.jpg\" alt=\"\" width=\"300\" height=\"300\" srcset=\"http:\/\/easyservice.ee\/wp-content\/uploads\/2019\/10\/remont-ofisa-300x300.jpg 300w, http:\/\/easyservice.ee\/wp-content\/uploads\/2019\/10\/remont-ofisa-150x150.jpg 150w, http:\/\/easyservice.ee\/wp-content\/uploads\/2019\/10\/remont-ofisa.jpg 600w\" sizes=\"auto, (max-width: 300px) 100vw, 300px\" \/><\/a>[\/vc_column_text][\/vc_column][vc_column width=&#8221;1\/3&#8243;][vc_column_text]<a href=\"\/?page_id=3251\"><img loading=\"lazy\" decoding=\"async\" class=\"aligncenter size-medium wp-image-5085\" src=\"https:\/\/easyservice.ee\/wp-content\/uploads\/2019\/10\/elektricheskie-rabotq-300x300.jpg\" alt=\"\" width=\"300\" height=\"300\" srcset=\"http:\/\/easyservice.ee\/wp-content\/uploads\/2019\/10\/elektricheskie-rabotq-300x300.jpg 300w, http:\/\/easyservice.ee\/wp-content\/uploads\/2019\/10\/elektricheskie-rabotq-150x150.jpg 150w, http:\/\/easyservice.ee\/wp-content\/uploads\/2019\/10\/elektricheskie-rabotq.jpg 600w\" sizes=\"auto, (max-width: 300px) 100vw, 300px\" \/><\/a>[\/vc_column_text][\/vc_column][\/vc_row][vc_row][vc_column width=&#8221;1\/3&#8243;][vc_column_text]<a href=\"\/?page_id=3291\"><img loading=\"lazy\" decoding=\"async\" class=\"aligncenter size-medium wp-image-5079\" src=\"https:\/\/easyservice.ee\/wp-content\/uploads\/2019\/10\/santehni4eskie-rabotq-300x300.jpg\" alt=\"\" width=\"300\" height=\"300\" srcset=\"http:\/\/easyservice.ee\/wp-content\/uploads\/2019\/10\/santehni4eskie-rabotq-300x300.jpg 300w, http:\/\/easyservice.ee\/wp-content\/uploads\/2019\/10\/santehni4eskie-rabotq-150x150.jpg 150w, http:\/\/easyservice.ee\/wp-content\/uploads\/2019\/10\/santehni4eskie-rabotq.jpg 600w\" sizes=\"auto, (max-width: 300px) 100vw, 300px\" \/><\/a>[\/vc_column_text][\/vc_column][vc_column width=&#8221;1\/3&#8243;][vc_column_text]<a href=\"\/?page_id=3289\"><img loading=\"lazy\" decoding=\"async\" class=\"aligncenter size-medium wp-image-5077\" src=\"https:\/\/easyservice.ee\/wp-content\/uploads\/2019\/10\/renovacija-300x300.jpg\" alt=\"\" width=\"300\" height=\"300\" srcset=\"http:\/\/easyservice.ee\/wp-content\/uploads\/2019\/10\/renovacija-300x300.jpg 300w, http:\/\/easyservice.ee\/wp-content\/uploads\/2019\/10\/renovacija-150x150.jpg 150w, http:\/\/easyservice.ee\/wp-content\/uploads\/2019\/10\/renovacija.jpg 600w\" sizes=\"auto, (max-width: 300px) 100vw, 300px\" \/><\/a>[\/vc_column_text][\/vc_column][vc_column width=&#8221;1\/3&#8243;][vc_column_text]<a href=\"\/?page_id=5092\"><img loading=\"lazy\" decoding=\"async\" class=\"aligncenter size-medium wp-image-5097\" src=\"https:\/\/easyservice.ee\/wp-content\/uploads\/2019\/10\/ustanovka-kuhonnoi-mebeli-300x300.jpg\" alt=\"\" width=\"300\" height=\"300\" srcset=\"http:\/\/easyservice.ee\/wp-content\/uploads\/2019\/10\/ustanovka-kuhonnoi-mebeli-300x300.jpg 300w, http:\/\/easyservice.ee\/wp-content\/uploads\/2019\/10\/ustanovka-kuhonnoi-mebeli-150x150.jpg 150w, http:\/\/easyservice.ee\/wp-content\/uploads\/2019\/10\/ustanovka-kuhonnoi-mebeli.jpg 600w\" sizes=\"auto, (max-width: 300px) 100vw, 300px\" \/><\/a>[\/vc_column_text][\/vc_column][\/vc_row]<\/p>\n<\/div>","protected":false},"excerpt":{"rendered":"<p>[vc_row][vc_column][vc_separator][\/vc_column][\/vc_row][vc_row][vc_column width=&#8221;1\/3&#8243;][vc_column_text][\/vc_column_text][\/vc_column][vc_column width=&#8221;1\/3&#8243;][vc_column_text][\/vc_column_text][\/vc_column][vc_column width=&#8221;1\/3&#8243;][vc_column_text][\/vc_column_text][\/vc_column][\/vc_row][vc_row][vc_column width=&#8221;1\/3&#8243;][vc_column_text][\/vc_column_text][\/vc_column][vc_column width=&#8221;1\/3&#8243;][vc_column_text][\/vc_column_text][\/vc_column][vc_column width=&#8221;1\/3&#8243;][vc_column_text][\/vc_column_text][\/vc_column][\/vc_row]<\/p>\n","protected":false},"author":1,"featured_media":3567,"parent":0,"menu_order":0,"comment_status":"closed","ping_status":"closed","template":"","meta":{"footnotes":""},"class_list":["post-5109","page","type-page","status-publish","has-post-thumbnail","hentry"],"yoast_head":"<!-- This site is optimized with the Yoast SEO plugin v25.0 - https:\/\/yoast.com\/wordpress\/plugins\/seo\/ -->\n<title>\u0412\u044b\u0431\u0435\u0440\u0438\u0442\u0435 \u0443\u0441\u043b\u0443\u0433\u0443 - Ehitust\u00f6\u00f6d ja remondit\u00f6\u00f6d Tallinnas ja Harjumaal<\/title>\n<meta name=\"robots\" content=\"index, follow, max-snippet:-1, max-image-preview:large, max-video-preview:-1\" \/>\n<link rel=\"canonical\" href=\"https:\/\/easyservice.ee\/ru\/vyberite-uslugu\/\" \/>\n<meta property=\"og:locale\" content=\"ru_RU\" \/>\n<meta property=\"og:type\" content=\"article\" \/>\n<meta property=\"og:title\" content=\"\u0412\u044b\u0431\u0435\u0440\u0438\u0442\u0435 \u0443\u0441\u043b\u0443\u0433\u0443 - Ehitust\u00f6\u00f6d ja remondit\u00f6\u00f6d Tallinnas ja Harjumaal\" \/>\n<meta property=\"og:description\" content=\"[vc_row][vc_column][vc_separator][\/vc_column][\/vc_row][vc_row][vc_column width=&#8221;1\/3&#8243;][vc_column_text][\/vc_column_text][\/vc_column][vc_column width=&#8221;1\/3&#8243;][vc_column_text][\/vc_column_text][\/vc_column][vc_column width=&#8221;1\/3&#8243;][vc_column_text][\/vc_column_text][\/vc_column][\/vc_row][vc_row][vc_column width=&#8221;1\/3&#8243;][vc_column_text][\/vc_column_text][\/vc_column][vc_column width=&#8221;1\/3&#8243;][vc_column_text][\/vc_column_text][\/vc_column][vc_column width=&#8221;1\/3&#8243;][vc_column_text][\/vc_column_text][\/vc_column][\/vc_row]\" \/>\n<meta property=\"og:url\" content=\"https:\/\/easyservice.ee\/ru\/vyberite-uslugu\/\" \/>\n<meta property=\"og:site_name\" content=\"Ehitust\u00f6\u00f6d ja remondit\u00f6\u00f6d Tallinnas ja Harjumaal\" \/>\n<meta property=\"og:image\" content=\"https:\/\/easyservice.ee\/wp-content\/uploads\/2019\/06\/20151111_121938.jpg\" \/>\n\t<meta property=\"og:image:width\" content=\"3264\" \/>\n\t<meta property=\"og:image:height\" content=\"1836\" \/>\n\t<meta property=\"og:image:type\" content=\"image\/jpeg\" \/>\n<meta name=\"twitter:card\" content=\"summary_large_image\" \/>\n<script type=\"application\/ld+json\" class=\"yoast-schema-graph\">{\"@context\":\"https:\/\/schema.org\",\"@graph\":[{\"@type\":\"WebPage\",\"@id\":\"https:\/\/easyservice.ee\/ru\/vyberite-uslugu\/\",\"url\":\"https:\/\/easyservice.ee\/ru\/vyberite-uslugu\/\",\"name\":\"\u0412\u044b\u0431\u0435\u0440\u0438\u0442\u0435 \u0443\u0441\u043b\u0443\u0433\u0443 - Ehitust\u00f6\u00f6d ja remondit\u00f6\u00f6d Tallinnas ja Harjumaal\",\"isPartOf\":{\"@id\":\"http:\/\/easyservice.ee\/#website\"},\"primaryImageOfPage\":{\"@id\":\"https:\/\/easyservice.ee\/ru\/vyberite-uslugu\/#primaryimage\"},\"image\":{\"@id\":\"https:\/\/easyservice.ee\/ru\/vyberite-uslugu\/#primaryimage\"},\"thumbnailUrl\":\"http:\/\/easyservice.ee\/wp-content\/uploads\/2019\/06\/20151111_121938.jpg\",\"datePublished\":\"2019-10-10T19:27:53+00:00\",\"breadcrumb\":{\"@id\":\"https:\/\/easyservice.ee\/ru\/vyberite-uslugu\/#breadcrumb\"},\"inLanguage\":\"ru-RU\",\"potentialAction\":[{\"@type\":\"ReadAction\",\"target\":[\"https:\/\/easyservice.ee\/ru\/vyberite-uslugu\/\"]}]},{\"@type\":\"ImageObject\",\"inLanguage\":\"ru-RU\",\"@id\":\"https:\/\/easyservice.ee\/ru\/vyberite-uslugu\/#primaryimage\",\"url\":\"http:\/\/easyservice.ee\/wp-content\/uploads\/2019\/06\/20151111_121938.jpg\",\"contentUrl\":\"http:\/\/easyservice.ee\/wp-content\/uploads\/2019\/06\/20151111_121938.jpg\",\"width\":3264,\"height\":1836},{\"@type\":\"BreadcrumbList\",\"@id\":\"https:\/\/easyservice.ee\/ru\/vyberite-uslugu\/#breadcrumb\",\"itemListElement\":[{\"@type\":\"ListItem\",\"position\":1,\"name\":\"\u0413\u043b\u0430\u0432\u043d\u0430\u044f \u0441\u0442\u0440\u0430\u043d\u0438\u0446\u0430\",\"item\":\"https:\/\/easyservice.ee\/ru\/\"},{\"@type\":\"ListItem\",\"position\":2,\"name\":\"\u0412\u044b\u0431\u0435\u0440\u0438\u0442\u0435 \u0443\u0441\u043b\u0443\u0433\u0443\"}]},{\"@type\":\"WebSite\",\"@id\":\"http:\/\/easyservice.ee\/#website\",\"url\":\"http:\/\/easyservice.ee\/\",\"name\":\"Ehitust\u00f6\u00f6d ja remondit\u00f6\u00f6d Tallinnas ja Harjumaal\",\"description\":\"\u041f\u0440\u043e\u0441\u0442\u043e \u0435\u0449\u0435 \u043e\u0434\u0438\u043d WordPress \u0441\u0430\u0439\u0442\",\"publisher\":{\"@id\":\"http:\/\/easyservice.ee\/#organization\"},\"potentialAction\":[{\"@type\":\"SearchAction\",\"target\":{\"@type\":\"EntryPoint\",\"urlTemplate\":\"http:\/\/easyservice.ee\/?s={search_term_string}\"},\"query-input\":{\"@type\":\"PropertyValueSpecification\",\"valueRequired\":true,\"valueName\":\"search_term_string\"}}],\"inLanguage\":\"ru-RU\"},{\"@type\":\"Organization\",\"@id\":\"http:\/\/easyservice.ee\/#organization\",\"name\":\"Easy Service\",\"url\":\"http:\/\/easyservice.ee\/\",\"logo\":{\"@type\":\"ImageObject\",\"inLanguage\":\"ru-RU\",\"@id\":\"http:\/\/easyservice.ee\/#\/schema\/logo\/image\/\",\"url\":\"https:\/\/easyservice.ee\/wp-content\/uploads\/2019\/10\/easyservicelogo.png\",\"contentUrl\":\"https:\/\/easyservice.ee\/wp-content\/uploads\/2019\/10\/easyservicelogo.png\",\"width\":378,\"height\":122,\"caption\":\"Easy Service\"},\"image\":{\"@id\":\"http:\/\/easyservice.ee\/#\/schema\/logo\/image\/\"}}]}<\/script>\n<!-- \/ Yoast SEO plugin. -->","yoast_head_json":{"title":"\u0412\u044b\u0431\u0435\u0440\u0438\u0442\u0435 \u0443\u0441\u043b\u0443\u0433\u0443 - Ehitust\u00f6\u00f6d ja remondit\u00f6\u00f6d Tallinnas ja Harjumaal","robots":{"index":"index","follow":"follow","max-snippet":"max-snippet:-1","max-image-preview":"max-image-preview:large","max-video-preview":"max-video-preview:-1"},"canonical":"https:\/\/easyservice.ee\/ru\/vyberite-uslugu\/","og_locale":"ru_RU","og_type":"article","og_title":"\u0412\u044b\u0431\u0435\u0440\u0438\u0442\u0435 \u0443\u0441\u043b\u0443\u0433\u0443 - Ehitust\u00f6\u00f6d ja remondit\u00f6\u00f6d Tallinnas ja Harjumaal","og_description":"[vc_row][vc_column][vc_separator][\/vc_column][\/vc_row][vc_row][vc_column width=&#8221;1\/3&#8243;][vc_column_text][\/vc_column_text][\/vc_column][vc_column width=&#8221;1\/3&#8243;][vc_column_text][\/vc_column_text][\/vc_column][vc_column width=&#8221;1\/3&#8243;][vc_column_text][\/vc_column_text][\/vc_column][\/vc_row][vc_row][vc_column width=&#8221;1\/3&#8243;][vc_column_text][\/vc_column_text][\/vc_column][vc_column width=&#8221;1\/3&#8243;][vc_column_text][\/vc_column_text][\/vc_column][vc_column width=&#8221;1\/3&#8243;][vc_column_text][\/vc_column_text][\/vc_column][\/vc_row]","og_url":"https:\/\/easyservice.ee\/ru\/vyberite-uslugu\/","og_site_name":"Ehitust\u00f6\u00f6d ja remondit\u00f6\u00f6d Tallinnas ja Harjumaal","og_image":[{"width":3264,"height":1836,"url":"https:\/\/easyservice.ee\/wp-content\/uploads\/2019\/06\/20151111_121938.jpg","type":"image\/jpeg"}],"twitter_card":"summary_large_image","schema":{"@context":"https:\/\/schema.org","@graph":[{"@type":"WebPage","@id":"https:\/\/easyservice.ee\/ru\/vyberite-uslugu\/","url":"https:\/\/easyservice.ee\/ru\/vyberite-uslugu\/","name":"\u0412\u044b\u0431\u0435\u0440\u0438\u0442\u0435 \u0443\u0441\u043b\u0443\u0433\u0443 - Ehitust\u00f6\u00f6d ja remondit\u00f6\u00f6d Tallinnas ja Harjumaal","isPartOf":{"@id":"http:\/\/easyservice.ee\/#website"},"primaryImageOfPage":{"@id":"https:\/\/easyservice.ee\/ru\/vyberite-uslugu\/#primaryimage"},"image":{"@id":"https:\/\/easyservice.ee\/ru\/vyberite-uslugu\/#primaryimage"},"thumbnailUrl":"http:\/\/easyservice.ee\/wp-content\/uploads\/2019\/06\/20151111_121938.jpg","datePublished":"2019-10-10T19:27:53+00:00","breadcrumb":{"@id":"https:\/\/easyservice.ee\/ru\/vyberite-uslugu\/#breadcrumb"},"inLanguage":"ru-RU","potentialAction":[{"@type":"ReadAction","target":["https:\/\/easyservice.ee\/ru\/vyberite-uslugu\/"]}]},{"@type":"ImageObject","inLanguage":"ru-RU","@id":"https:\/\/easyservice.ee\/ru\/vyberite-uslugu\/#primaryimage","url":"http:\/\/easyservice.ee\/wp-content\/uploads\/2019\/06\/20151111_121938.jpg","contentUrl":"http:\/\/easyservice.ee\/wp-content\/uploads\/2019\/06\/20151111_121938.jpg","width":3264,"height":1836},{"@type":"BreadcrumbList","@id":"https:\/\/easyservice.ee\/ru\/vyberite-uslugu\/#breadcrumb","itemListElement":[{"@type":"ListItem","position":1,"name":"\u0413\u043b\u0430\u0432\u043d\u0430\u044f \u0441\u0442\u0440\u0430\u043d\u0438\u0446\u0430","item":"https:\/\/easyservice.ee\/ru\/"},{"@type":"ListItem","position":2,"name":"\u0412\u044b\u0431\u0435\u0440\u0438\u0442\u0435 \u0443\u0441\u043b\u0443\u0433\u0443"}]},{"@type":"WebSite","@id":"http:\/\/easyservice.ee\/#website","url":"http:\/\/easyservice.ee\/","name":"Ehitust\u00f6\u00f6d ja remondit\u00f6\u00f6d Tallinnas ja Harjumaal","description":"\u041f\u0440\u043e\u0441\u0442\u043e \u0435\u0449\u0435 \u043e\u0434\u0438\u043d WordPress \u0441\u0430\u0439\u0442","publisher":{"@id":"http:\/\/easyservice.ee\/#organization"},"potentialAction":[{"@type":"SearchAction","target":{"@type":"EntryPoint","urlTemplate":"http:\/\/easyservice.ee\/?s={search_term_string}"},"query-input":{"@type":"PropertyValueSpecification","valueRequired":true,"valueName":"search_term_string"}}],"inLanguage":"ru-RU"},{"@type":"Organization","@id":"http:\/\/easyservice.ee\/#organization","name":"Easy Service","url":"http:\/\/easyservice.ee\/","logo":{"@type":"ImageObject","inLanguage":"ru-RU","@id":"http:\/\/easyservice.ee\/#\/schema\/logo\/image\/","url":"https:\/\/easyservice.ee\/wp-content\/uploads\/2019\/10\/easyservicelogo.png","contentUrl":"https:\/\/easyservice.ee\/wp-content\/uploads\/2019\/10\/easyservicelogo.png","width":378,"height":122,"caption":"Easy Service"},"image":{"@id":"http:\/\/easyservice.ee\/#\/schema\/logo\/image\/"}}]}},"_links":{"self":[{"href":"http:\/\/easyservice.ee\/ru\/wp-json\/wp\/v2\/pages\/5109","targetHints":{"allow":["GET"]}}],"collection":[{"href":"http:\/\/easyservice.ee\/ru\/wp-json\/wp\/v2\/pages"}],"about":[{"href":"http:\/\/easyservice.ee\/ru\/wp-json\/wp\/v2\/types\/page"}],"author":[{"embeddable":true,"href":"http:\/\/easyservice.ee\/ru\/wp-json\/wp\/v2\/users\/1"}],"replies":[{"embeddable":true,"href":"http:\/\/easyservice.ee\/ru\/wp-json\/wp\/v2\/comments?post=5109"}],"version-history":[{"count":1,"href":"http:\/\/easyservice.ee\/ru\/wp-json\/wp\/v2\/pages\/5109\/revisions"}],"predecessor-version":[{"id":5110,"href":"http:\/\/easyservice.ee\/ru\/wp-json\/wp\/v2\/pages\/5109\/revisions\/5110"}],"wp:featuredmedia":[{"embeddable":true,"href":"http:\/\/easyservice.ee\/ru\/wp-json\/wp\/v2\/media\/3567"}],"wp:attachment":[{"href":"http:\/\/easyservice.ee\/ru\/wp-json\/wp\/v2\/media?parent=5109"}],"curies":[{"name":"wp","href":"https:\/\/api.w.org\/{rel}","templated":true}]}}