{"id":3315,"date":"2013-03-05T23:37:21","date_gmt":"2013-03-05T23:37:21","guid":{"rendered":"https:\/\/easyservice.ee\/tehtud-tood\/"},"modified":"2019-09-12T11:44:57","modified_gmt":"2019-09-12T11:44:57","slug":"tehtud-tood","status":"publish","type":"page","link":"http:\/\/easyservice.ee\/ru\/tehtud-tood\/","title":{"rendered":"\u0413\u043e\u0442\u043e\u0432\u044b\u0435 \u0440\u0430\u0431\u043e\u0442\u044b"},"content":{"rendered":"<style type=\"text\/css\">.foogallery-album-gallery-list .foogallery-pile h3 { background: #fff !important; }.foogallery-album-gallery-list .foogallery-pile h3 { color: #000000 !important; }<\/style><div id=\"foogallery-album-4969\">\r\n\t<ul class=\"foogallery-album-gallery-list alignment-center\">\r\n\t\t\t\t\t\t<li>\r\n\t\t\t\t\t<div class=\"foogallery-pile\">\r\n\t\t\t\t\t\t<div class=\"foogallery-pile-inner\">\r\n\t\t\t\t\t\t\t<a href=\"http:\/\/easyservice.ee\/ru\/tehtud-tood\/gallery\/santehnicheskie-raboty#rus\" target=\"_self\">\r\n\t\t\t\t\t\t\t\t<img loading=\"lazy\" decoding=\"async\"  src=\"http:\/\/easyservice.ee\/wp-content\/uploads\/2019\/06\/20180124_145505-1-300x300.jpg\" width=\"250\" height=\"250\" class=\"skip-lazy\" \/>\t\t\t\t\t\t\t\t\t\t\t\t\t\t\t\t<h3>\u0421\u0430\u043d\u0442\u0435\u0445\u043d\u0438\u0447\u0435\u0441\u043a\u0438\u0435 \u0440\u0430\u0431\u043e\u0442\u044b\t\t\t\t\t\t\t\t\t<span><\/span>\r\n\t\t\t\t\t\t\t\t<\/h3>\r\n\t\t\t\t\t\t\t<\/a>\r\n\t\t\t\t\t\t<\/div>\r\n\t\t\t\t\t<\/div>\r\n\t\t\t\t<\/li>\r\n\t\t\t\t\t\t\t\t\t<li>\r\n\t\t\t\t\t<div class=\"foogallery-pile\">\r\n\t\t\t\t\t\t<div class=\"foogallery-pile-inner\">\r\n\t\t\t\t\t\t\t<a href=\"http:\/\/easyservice.ee\/ru\/tehtud-tood\/gallery\/remont-vannoj#rus\" target=\"_self\">\r\n\t\t\t\t\t\t\t\t<img loading=\"lazy\" decoding=\"async\"  src=\"http:\/\/easyservice.ee\/wp-content\/uploads\/2019\/06\/vann1.jpg\" width=\"250\" height=\"250\" class=\"skip-lazy\" \/>\t\t\t\t\t\t\t\t\t\t\t\t\t\t\t\t<h3>\u0420\u0435\u043c\u043e\u043d\u0442 \u0432\u0430\u043d\u043d\u043e\u0439\t\t\t\t\t\t\t\t\t<span><\/span>\r\n\t\t\t\t\t\t\t\t<\/h3>\r\n\t\t\t\t\t\t\t<\/a>\r\n\t\t\t\t\t\t<\/div>\r\n\t\t\t\t\t<\/div>\r\n\t\t\t\t<\/li>\r\n\t\t\t\t\t\t\t\t\t<li>\r\n\t\t\t\t\t<div class=\"foogallery-pile\">\r\n\t\t\t\t\t\t<div class=\"foogallery-pile-inner\">\r\n\t\t\t\t\t\t\t<a href=\"http:\/\/easyservice.ee\/ru\/tehtud-tood\/gallery\/poranda-remont#rus\" target=\"_self\">\r\n\t\t\t\t\t\t\t\t<img loading=\"lazy\" decoding=\"async\"  src=\"http:\/\/easyservice.ee\/wp-content\/uploads\/2019\/06\/dscn0879-300x300.jpg\" width=\"250\" height=\"250\" class=\"skip-lazy\" \/>\t\t\t\t\t\t\t\t\t\t\t\t\t\t\t\t<h3>\u0420\u0435\u043c\u043e\u043d\u0442 \u043f\u043e\u043b\u0430\t\t\t\t\t\t\t\t\t<span><\/span>\r\n\t\t\t\t\t\t\t\t<\/h3>\r\n\t\t\t\t\t\t\t<\/a>\r\n\t\t\t\t\t\t<\/div>\r\n\t\t\t\t\t<\/div>\r\n\t\t\t\t<\/li>\r\n\t\t\t\t\t\t\t\t\t<li>\r\n\t\t\t\t\t<div class=\"foogallery-pile\">\r\n\t\t\t\t\t\t<div class=\"foogallery-pile-inner\">\r\n\t\t\t\t\t\t\t<a href=\"http:\/\/easyservice.ee\/ru\/tehtud-tood\/gallery\/elektromontazhnye-raboty#rus\" target=\"_self\">\r\n\t\t\t\t\t\t\t\t<img loading=\"lazy\" decoding=\"async\"  src=\"http:\/\/easyservice.ee\/wp-content\/uploads\/2019\/06\/20160705_112808-1-300x300.jpg\" width=\"250\" height=\"250\" class=\"skip-lazy\" \/>\t\t\t\t\t\t\t\t\t\t\t\t\t\t\t\t<h3>\u042d\u043b\u0435\u043a\u0442\u0440\u043e\u043c\u043e\u043d\u0442\u0430\u0436\u043d\u044b\u0435 \u0440\u0430\u0431\u043e\u0442\u044b\t\t\t\t\t\t\t\t\t<span><\/span>\r\n\t\t\t\t\t\t\t\t<\/h3>\r\n\t\t\t\t\t\t\t<\/a>\r\n\t\t\t\t\t\t<\/div>\r\n\t\t\t\t\t<\/div>\r\n\t\t\t\t<\/li>\r\n\t\t\t\t\t\t\t\t\t<li>\r\n\t\t\t\t\t<div class=\"foogallery-pile\">\r\n\t\t\t\t\t\t<div class=\"foogallery-pile-inner\">\r\n\t\t\t\t\t\t\t<a href=\"http:\/\/easyservice.ee\/ru\/tehtud-tood\/gallery\/remont-ofisnyh-pomeshhenij#rus\" target=\"_self\">\r\n\t\t\t\t\t\t\t\t<img loading=\"lazy\" decoding=\"async\"  src=\"http:\/\/easyservice.ee\/wp-content\/uploads\/2019\/06\/103_0-300x300.jpg\" width=\"250\" height=\"250\" class=\"skip-lazy\" \/>\t\t\t\t\t\t\t\t\t\t\t\t\t\t\t\t<h3>\u0420\u0435\u043c\u043e\u043d\u0442 \u043e\u0444\u0438\u0441\u043d\u044b\u0445 \u043f\u043e\u043c\u0435\u0449\u0435\u043d\u0438\u0439\t\t\t\t\t\t\t\t\t<span><\/span>\r\n\t\t\t\t\t\t\t\t<\/h3>\r\n\t\t\t\t\t\t\t<\/a>\r\n\t\t\t\t\t\t<\/div>\r\n\t\t\t\t\t<\/div>\r\n\t\t\t\t<\/li>\r\n\t\t\t\t\t\t\t\t\t<li>\r\n\t\t\t\t\t<div class=\"foogallery-pile\">\r\n\t\t\t\t\t\t<div class=\"foogallery-pile-inner\">\r\n\t\t\t\t\t\t\t<a href=\"http:\/\/easyservice.ee\/ru\/tehtud-tood\/gallery\/remont-kvartir#rus\" target=\"_self\">\r\n\t\t\t\t\t\t\t\t<img loading=\"lazy\" decoding=\"async\"  src=\"http:\/\/easyservice.ee\/wp-content\/uploads\/2019\/06\/091-1-300x300.jpg\" width=\"250\" height=\"250\" class=\"skip-lazy\" \/>\t\t\t\t\t\t\t\t\t\t\t\t\t\t\t\t<h3>\u0420\u0435\u043c\u043e\u043d\u0442 \u043a\u0432\u0430\u0440\u0442\u0438\u0440\t\t\t\t\t\t\t\t\t<span><\/span>\r\n\t\t\t\t\t\t\t\t<\/h3>\r\n\t\t\t\t\t\t\t<\/a>\r\n\t\t\t\t\t\t<\/div>\r\n\t\t\t\t\t<\/div>\r\n\t\t\t\t<\/li>\r\n\t\t\t\t\t\t\t\t\t<li>\r\n\t\t\t\t\t<div class=\"foogallery-pile\">\r\n\t\t\t\t\t\t<div class=\"foogallery-pile-inner\">\r\n\t\t\t\t\t\t\t<a href=\"http:\/\/easyservice.ee\/ru\/tehtud-tood\/gallery\/stroitelstvo-potolka#rus\" target=\"_self\">\r\n\t\t\t\t\t\t\t\t<img loading=\"lazy\" decoding=\"async\"  src=\"http:\/\/easyservice.ee\/wp-content\/uploads\/2019\/06\/dscn0859-1-300x300.jpg\" width=\"250\" height=\"250\" class=\"skip-lazy\" \/>\t\t\t\t\t\t\t\t\t\t\t\t\t\t\t\t<h3>\u0421\u0442\u0440\u043e\u0438\u0442\u0435\u043b\u044c\u0441\u0442\u0432\u043e \u043f\u043e\u0442\u043e\u043b\u043a\u0430\t\t\t\t\t\t\t\t\t<span><\/span>\r\n\t\t\t\t\t\t\t\t<\/h3>\r\n\t\t\t\t\t\t\t<\/a>\r\n\t\t\t\t\t\t<\/div>\r\n\t\t\t\t\t<\/div>\r\n\t\t\t\t<\/li>\r\n\t\t\t\t\t\t\t\t\t<li>\r\n\t\t\t\t\t<div class=\"foogallery-pile\">\r\n\t\t\t\t\t\t<div class=\"foogallery-pile-inner\">\r\n\t\t\t\t\t\t\t<a href=\"http:\/\/easyservice.ee\/ru\/tehtud-tood\/gallery\/stroitelstvo-sauny#rus\" target=\"_self\">\r\n\t\t\t\t\t\t\t\t<img loading=\"lazy\" decoding=\"async\"  src=\"http:\/\/easyservice.ee\/wp-content\/uploads\/2019\/06\/20181024_162914-1-300x300.jpg\" width=\"250\" height=\"250\" class=\"skip-lazy\" \/>\t\t\t\t\t\t\t\t\t\t\t\t\t\t\t\t<h3>\u0421\u0442\u0440\u043e\u0438\u0442\u0435\u043b\u044c\u0441\u0442\u0432\u043e \u0441\u0430\u0443\u043d\u044b\t\t\t\t\t\t\t\t\t<span><\/span>\r\n\t\t\t\t\t\t\t\t<\/h3>\r\n\t\t\t\t\t\t\t<\/a>\r\n\t\t\t\t\t\t<\/div>\r\n\t\t\t\t\t<\/div>\r\n\t\t\t\t<\/li>\r\n\t\t\t\t\t\t\t\t\t<li>\r\n\t\t\t\t\t<div class=\"foogallery-pile\">\r\n\t\t\t\t\t\t<div class=\"foogallery-pile-inner\">\r\n\t\t\t\t\t\t\t<a href=\"http:\/\/easyservice.ee\/ru\/tehtud-tood\/gallery\/poklejka-oboev#rus\" target=\"_self\">\r\n\t\t\t\t\t\t\t\t<img loading=\"lazy\" decoding=\"async\"  src=\"http:\/\/easyservice.ee\/wp-content\/uploads\/2019\/06\/tapeet1.jpg\" width=\"250\" height=\"250\" class=\"skip-lazy\" \/>\t\t\t\t\t\t\t\t\t\t\t\t\t\t\t\t<h3>\u041f\u043e\u043a\u043b\u0435\u0439\u043a\u0430 \u043e\u0431\u043e\u0435\u0432\t\t\t\t\t\t\t\t\t<span><\/span>\r\n\t\t\t\t\t\t\t\t<\/h3>\r\n\t\t\t\t\t\t\t<\/a>\r\n\t\t\t\t\t\t<\/div>\r\n\t\t\t\t\t<\/div>\r\n\t\t\t\t<\/li>\r\n\t\t\t\t\t\t\t\t\t<li>\r\n\t\t\t\t\t<div class=\"foogallery-pile\">\r\n\t\t\t\t\t\t<div class=\"foogallery-pile-inner\">\r\n\t\t\t\t\t\t\t<a href=\"http:\/\/easyservice.ee\/ru\/tehtud-tood\/gallery\/ustanovka-dverej#rus\" target=\"_self\">\r\n\t\t\t\t\t\t\t\t<img loading=\"lazy\" decoding=\"async\"  src=\"http:\/\/easyservice.ee\/wp-content\/uploads\/2019\/06\/009-300x300.jpg\" width=\"250\" height=\"250\" class=\"skip-lazy\" \/>\t\t\t\t\t\t\t\t\t\t\t\t\t\t\t\t<h3>\u0423\u0441\u0442\u0430\u043d\u043e\u0432\u043a\u0430 \u0434\u0432\u0435\u0440\u0435\u0439\t\t\t\t\t\t\t\t\t<span><\/span>\r\n\t\t\t\t\t\t\t\t<\/h3>\r\n\t\t\t\t\t\t\t<\/a>\r\n\t\t\t\t\t\t<\/div>\r\n\t\t\t\t\t<\/div>\r\n\t\t\t\t<\/li>\r\n\t\t\t\t\t\t\t\t\t<li>\r\n\t\t\t\t\t<div class=\"foogallery-pile\">\r\n\t\t\t\t\t\t<div class=\"foogallery-pile-inner\">\r\n\t\t\t\t\t\t\t<a href=\"http:\/\/easyservice.ee\/ru\/tehtud-tood\/gallery\/plaatide-paigaldamine#rus\" target=\"_self\">\r\n\t\t\t\t\t\t\t\t<img loading=\"lazy\" decoding=\"async\"  src=\"http:\/\/easyservice.ee\/wp-content\/uploads\/2019\/06\/20151201_163154-300x300.jpg\" width=\"250\" height=\"250\" class=\"skip-lazy\" \/>\t\t\t\t\t\t\t\t\t\t\t\t\t\t\t\t<h3>\u0423\u043a\u043b\u0430\u0434\u043a\u0430 \u043f\u043b\u0438\u0442\u043a\u0438\t\t\t\t\t\t\t\t\t<span><\/span>\r\n\t\t\t\t\t\t\t\t<\/h3>\r\n\t\t\t\t\t\t\t<\/a>\r\n\t\t\t\t\t\t<\/div>\r\n\t\t\t\t\t<\/div>\r\n\t\t\t\t<\/li>\r\n\t\t\t\t\t\t\t\t\t<li>\r\n\t\t\t\t\t<div class=\"foogallery-pile\">\r\n\t\t\t\t\t\t<div class=\"foogallery-pile-inner\">\r\n\t\t\t\t\t\t\t<a href=\"http:\/\/easyservice.ee\/ru\/tehtud-tood\/gallery\/montazh-teplogo-pola#rus\" target=\"_self\">\r\n\t\t\t\t\t\t\t\t<img loading=\"lazy\" decoding=\"async\"  src=\"http:\/\/easyservice.ee\/wp-content\/uploads\/2019\/06\/20160517_125721-1-300x300.jpg\" width=\"250\" height=\"250\" class=\"skip-lazy\" \/>\t\t\t\t\t\t\t\t\t\t\t\t\t\t\t\t<h3>\u041c\u043e\u043d\u0442\u0430\u0436 \u0442\u0435\u043f\u043b\u043e\u0433\u043e \u043f\u043e\u043b\u0430\t\t\t\t\t\t\t\t\t<span><\/span>\r\n\t\t\t\t\t\t\t\t<\/h3>\r\n\t\t\t\t\t\t\t<\/a>\r\n\t\t\t\t\t\t<\/div>\r\n\t\t\t\t\t<\/div>\r\n\t\t\t\t<\/li>\r\n\t\t\t\t\t\t\t\t\t<li>\r\n\t\t\t\t\t<div class=\"foogallery-pile\">\r\n\t\t\t\t\t\t<div class=\"foogallery-pile-inner\">\r\n\t\t\t\t\t\t\t<a href=\"http:\/\/easyservice.ee\/ru\/tehtud-tood\/gallery\/trepi-ehitamine#rus\" target=\"_self\">\r\n\t\t\t\t\t\t\t\t<img loading=\"lazy\" decoding=\"async\"  src=\"http:\/\/easyservice.ee\/wp-content\/uploads\/2019\/06\/les2.jpg\" width=\"250\" height=\"250\" class=\"skip-lazy\" \/>\t\t\t\t\t\t\t\t\t\t\t\t\t\t\t\t<h3>\u0421\u0442\u0440\u043e\u0438\u0442\u0435\u043b\u044c\u0441\u0442\u0432\u043e \u043b\u0435\u0441\u0442\u043d\u0438\u0446\t\t\t\t\t\t\t\t\t<span><\/span>\r\n\t\t\t\t\t\t\t\t<\/h3>\r\n\t\t\t\t\t\t\t<\/a>\r\n\t\t\t\t\t\t<\/div>\r\n\t\t\t\t\t<\/div>\r\n\t\t\t\t<\/li>\r\n\t\t\t\t\t\t\t\t\t<li>\r\n\t\t\t\t\t<div class=\"foogallery-pile\">\r\n\t\t\t\t\t\t<div class=\"foogallery-pile-inner\">\r\n\t\t\t\t\t\t\t<a href=\"http:\/\/easyservice.ee\/ru\/tehtud-tood\/gallery\/stroitelstvo-kanalizaczii#rus\" target=\"_self\">\r\n\t\t\t\t\t\t\t\t<img loading=\"lazy\" decoding=\"async\"  src=\"http:\/\/easyservice.ee\/wp-content\/uploads\/2019\/06\/20151111_163333-1-300x300.jpg\" width=\"250\" height=\"250\" class=\"skip-lazy\" \/>\t\t\t\t\t\t\t\t\t\t\t\t\t\t\t\t<h3>\u0421\u0442\u0440\u043e\u0438\u0442\u0435\u043b\u044c\u0441\u0442\u0432\u043e \u043a\u0430\u043d\u0430\u043b\u0438\u0437\u0430\u0446\u0438\u0438\t\t\t\t\t\t\t\t\t<span><\/span>\r\n\t\t\t\t\t\t\t\t<\/h3>\r\n\t\t\t\t\t\t\t<\/a>\r\n\t\t\t\t\t\t<\/div>\r\n\t\t\t\t\t<\/div>\r\n\t\t\t\t<\/li>\r\n\t\t\t\t\t\t\t\t\t<li>\r\n\t\t\t\t\t<div class=\"foogallery-pile\">\r\n\t\t\t\t\t\t<div class=\"foogallery-pile-inner\">\r\n\t\t\t\t\t\t\t<a href=\"http:\/\/easyservice.ee\/ru\/tehtud-tood\/gallery\/ustanovka-kuhonnoj-mebeli#rus\" target=\"_self\">\r\n\t\t\t\t\t\t\t\t<img loading=\"lazy\" decoding=\"async\"  src=\"http:\/\/easyservice.ee\/wp-content\/uploads\/2019\/10\/kook1.jpg\" width=\"250\" height=\"250\" class=\"skip-lazy\" \/>\t\t\t\t\t\t\t\t\t\t\t\t\t\t\t\t<h3>\u0423\u0441\u0442\u0430\u043d\u043e\u0432\u043a\u0430 \u043a\u0443\u0445\u043e\u043d\u043d\u043e\u0439 \u043c\u0435\u0431\u0435\u043b\u0438\t\t\t\t\t\t\t\t\t<span><\/span>\r\n\t\t\t\t\t\t\t\t<\/h3>\r\n\t\t\t\t\t\t\t<\/a>\r\n\t\t\t\t\t\t<\/div>\r\n\t\t\t\t\t<\/div>\r\n\t\t\t\t<\/li>\r\n\t\t\t\t\t\t<\/ul>\r\n\t<div style=\"clear: both;\"><\/div>\r\n<\/div>\r\n\n","protected":false},"excerpt":{"rendered":"\u0421\u0430\u043d\u0442\u0435\u0445\u043d\u0438\u0447\u0435\u0441\u043a\u0438\u0435 \u0440\u0430\u0431\u043e\u0442\u044b \u0420\u0435\u043c\u043e\u043d\u0442 \u0432\u0430\u043d\u043d\u043e\u0439 \u0420\u0435\u043c\u043e\u043d\u0442 \u043f\u043e\u043b\u0430 \u042d\u043b\u0435\u043a\u0442\u0440\u043e\u043c\u043e\u043d\u0442\u0430\u0436\u043d\u044b\u0435 \u0440\u0430\u0431\u043e\u0442\u044b \u0420\u0435\u043c\u043e\u043d\u0442 \u043e\u0444\u0438\u0441\u043d\u044b\u0445 \u043f\u043e\u043c\u0435\u0449\u0435\u043d\u0438\u0439 \u0420\u0435\u043c\u043e\u043d\u0442 \u043a\u0432\u0430\u0440\u0442\u0438\u0440 \u0421\u0442\u0440\u043e\u0438\u0442\u0435\u043b\u044c\u0441\u0442\u0432\u043e \u043f\u043e\u0442\u043e\u043b\u043a\u0430 \u0421\u0442\u0440\u043e\u0438\u0442\u0435\u043b\u044c\u0441\u0442\u0432\u043e \u0441\u0430\u0443\u043d\u044b \u041f\u043e\u043a\u043b\u0435\u0439\u043a\u0430 \u043e\u0431\u043e\u0435\u0432 \u0423\u0441\u0442\u0430\u043d\u043e\u0432\u043a\u0430 \u0434\u0432\u0435\u0440\u0435\u0439 \u0423\u043a\u043b\u0430\u0434\u043a\u0430 \u043f\u043b\u0438\u0442\u043a\u0438 [...]","protected":false},"author":1,"featured_media":4362,"parent":0,"menu_order":0,"comment_status":"closed","ping_status":"open","template":"","meta":{"footnotes":""},"class_list":["post-3315","page","type-page","status-publish","has-post-thumbnail","hentry"],"yoast_head":"<!-- This site is optimized with the Yoast SEO plugin v25.0 - https:\/\/yoast.com\/wordpress\/plugins\/seo\/ -->\n<title>\u0413\u043e\u0442\u043e\u0432\u044b\u0435 \u0440\u0430\u0431\u043e\u0442\u044b - Ehitust\u00f6\u00f6d ja remondit\u00f6\u00f6d Tallinnas ja Harjumaal<\/title>\n<meta name=\"robots\" content=\"index, follow, max-snippet:-1, max-image-preview:large, max-video-preview:-1\" \/>\n<link rel=\"canonical\" href=\"https:\/\/easyservice.ee\/ru\/tehtud-tood\/\" \/>\n<meta property=\"og:locale\" content=\"ru_RU\" \/>\n<meta property=\"og:type\" content=\"article\" \/>\n<meta property=\"og:title\" content=\"\u0413\u043e\u0442\u043e\u0432\u044b\u0435 \u0440\u0430\u0431\u043e\u0442\u044b - Ehitust\u00f6\u00f6d ja remondit\u00f6\u00f6d Tallinnas ja Harjumaal\" \/>\n<meta property=\"og:url\" content=\"https:\/\/easyservice.ee\/ru\/tehtud-tood\/\" \/>\n<meta property=\"og:site_name\" content=\"Ehitust\u00f6\u00f6d ja remondit\u00f6\u00f6d Tallinnas ja Harjumaal\" \/>\n<meta property=\"article:modified_time\" content=\"2019-09-12T11:44:57+00:00\" \/>\n<meta property=\"og:image\" content=\"https:\/\/easyservice.ee\/wp-content\/uploads\/2019\/06\/portfolio-1.jpg\" \/>\n\t<meta property=\"og:image:width\" content=\"1920\" \/>\n\t<meta property=\"og:image:height\" content=\"300\" \/>\n\t<meta property=\"og:image:type\" content=\"image\/jpeg\" \/>\n<meta name=\"twitter:card\" content=\"summary_large_image\" \/>\n<script type=\"application\/ld+json\" class=\"yoast-schema-graph\">{\"@context\":\"https:\/\/schema.org\",\"@graph\":[{\"@type\":\"WebPage\",\"@id\":\"https:\/\/easyservice.ee\/ru\/tehtud-tood\/\",\"url\":\"https:\/\/easyservice.ee\/ru\/tehtud-tood\/\",\"name\":\"\u0413\u043e\u0442\u043e\u0432\u044b\u0435 \u0440\u0430\u0431\u043e\u0442\u044b - Ehitust\u00f6\u00f6d ja remondit\u00f6\u00f6d Tallinnas ja Harjumaal\",\"isPartOf\":{\"@id\":\"http:\/\/easyservice.ee\/#website\"},\"primaryImageOfPage\":{\"@id\":\"https:\/\/easyservice.ee\/ru\/tehtud-tood\/#primaryimage\"},\"image\":{\"@id\":\"https:\/\/easyservice.ee\/ru\/tehtud-tood\/#primaryimage\"},\"thumbnailUrl\":\"http:\/\/easyservice.ee\/wp-content\/uploads\/2019\/06\/portfolio-1.jpg\",\"datePublished\":\"2013-03-05T23:37:21+00:00\",\"dateModified\":\"2019-09-12T11:44:57+00:00\",\"breadcrumb\":{\"@id\":\"https:\/\/easyservice.ee\/ru\/tehtud-tood\/#breadcrumb\"},\"inLanguage\":\"ru-RU\",\"potentialAction\":[{\"@type\":\"ReadAction\",\"target\":[\"https:\/\/easyservice.ee\/ru\/tehtud-tood\/\"]}]},{\"@type\":\"ImageObject\",\"inLanguage\":\"ru-RU\",\"@id\":\"https:\/\/easyservice.ee\/ru\/tehtud-tood\/#primaryimage\",\"url\":\"http:\/\/easyservice.ee\/wp-content\/uploads\/2019\/06\/portfolio-1.jpg\",\"contentUrl\":\"http:\/\/easyservice.ee\/wp-content\/uploads\/2019\/06\/portfolio-1.jpg\",\"width\":1920,\"height\":300},{\"@type\":\"BreadcrumbList\",\"@id\":\"https:\/\/easyservice.ee\/ru\/tehtud-tood\/#breadcrumb\",\"itemListElement\":[{\"@type\":\"ListItem\",\"position\":1,\"name\":\"\u0413\u043b\u0430\u0432\u043d\u0430\u044f \u0441\u0442\u0440\u0430\u043d\u0438\u0446\u0430\",\"item\":\"https:\/\/easyservice.ee\/ru\/\"},{\"@type\":\"ListItem\",\"position\":2,\"name\":\"\u0413\u043e\u0442\u043e\u0432\u044b\u0435 \u0440\u0430\u0431\u043e\u0442\u044b\"}]},{\"@type\":\"WebSite\",\"@id\":\"http:\/\/easyservice.ee\/#website\",\"url\":\"http:\/\/easyservice.ee\/\",\"name\":\"Ehitust\u00f6\u00f6d ja remondit\u00f6\u00f6d Tallinnas ja Harjumaal\",\"description\":\"\u041f\u0440\u043e\u0441\u0442\u043e \u0435\u0449\u0435 \u043e\u0434\u0438\u043d WordPress \u0441\u0430\u0439\u0442\",\"publisher\":{\"@id\":\"http:\/\/easyservice.ee\/#organization\"},\"potentialAction\":[{\"@type\":\"SearchAction\",\"target\":{\"@type\":\"EntryPoint\",\"urlTemplate\":\"http:\/\/easyservice.ee\/?s={search_term_string}\"},\"query-input\":{\"@type\":\"PropertyValueSpecification\",\"valueRequired\":true,\"valueName\":\"search_term_string\"}}],\"inLanguage\":\"ru-RU\"},{\"@type\":\"Organization\",\"@id\":\"http:\/\/easyservice.ee\/#organization\",\"name\":\"Easy Service\",\"url\":\"http:\/\/easyservice.ee\/\",\"logo\":{\"@type\":\"ImageObject\",\"inLanguage\":\"ru-RU\",\"@id\":\"http:\/\/easyservice.ee\/#\/schema\/logo\/image\/\",\"url\":\"https:\/\/easyservice.ee\/wp-content\/uploads\/2019\/10\/easyservicelogo.png\",\"contentUrl\":\"https:\/\/easyservice.ee\/wp-content\/uploads\/2019\/10\/easyservicelogo.png\",\"width\":378,\"height\":122,\"caption\":\"Easy Service\"},\"image\":{\"@id\":\"http:\/\/easyservice.ee\/#\/schema\/logo\/image\/\"}}]}<\/script>\n<!-- \/ Yoast SEO plugin. -->","yoast_head_json":{"title":"\u0413\u043e\u0442\u043e\u0432\u044b\u0435 \u0440\u0430\u0431\u043e\u0442\u044b - Ehitust\u00f6\u00f6d ja remondit\u00f6\u00f6d Tallinnas ja Harjumaal","robots":{"index":"index","follow":"follow","max-snippet":"max-snippet:-1","max-image-preview":"max-image-preview:large","max-video-preview":"max-video-preview:-1"},"canonical":"https:\/\/easyservice.ee\/ru\/tehtud-tood\/","og_locale":"ru_RU","og_type":"article","og_title":"\u0413\u043e\u0442\u043e\u0432\u044b\u0435 \u0440\u0430\u0431\u043e\u0442\u044b - Ehitust\u00f6\u00f6d ja remondit\u00f6\u00f6d Tallinnas ja Harjumaal","og_url":"https:\/\/easyservice.ee\/ru\/tehtud-tood\/","og_site_name":"Ehitust\u00f6\u00f6d ja remondit\u00f6\u00f6d Tallinnas ja Harjumaal","article_modified_time":"2019-09-12T11:44:57+00:00","og_image":[{"width":1920,"height":300,"url":"https:\/\/easyservice.ee\/wp-content\/uploads\/2019\/06\/portfolio-1.jpg","type":"image\/jpeg"}],"twitter_card":"summary_large_image","schema":{"@context":"https:\/\/schema.org","@graph":[{"@type":"WebPage","@id":"https:\/\/easyservice.ee\/ru\/tehtud-tood\/","url":"https:\/\/easyservice.ee\/ru\/tehtud-tood\/","name":"\u0413\u043e\u0442\u043e\u0432\u044b\u0435 \u0440\u0430\u0431\u043e\u0442\u044b - Ehitust\u00f6\u00f6d ja remondit\u00f6\u00f6d Tallinnas ja Harjumaal","isPartOf":{"@id":"http:\/\/easyservice.ee\/#website"},"primaryImageOfPage":{"@id":"https:\/\/easyservice.ee\/ru\/tehtud-tood\/#primaryimage"},"image":{"@id":"https:\/\/easyservice.ee\/ru\/tehtud-tood\/#primaryimage"},"thumbnailUrl":"http:\/\/easyservice.ee\/wp-content\/uploads\/2019\/06\/portfolio-1.jpg","datePublished":"2013-03-05T23:37:21+00:00","dateModified":"2019-09-12T11:44:57+00:00","breadcrumb":{"@id":"https:\/\/easyservice.ee\/ru\/tehtud-tood\/#breadcrumb"},"inLanguage":"ru-RU","potentialAction":[{"@type":"ReadAction","target":["https:\/\/easyservice.ee\/ru\/tehtud-tood\/"]}]},{"@type":"ImageObject","inLanguage":"ru-RU","@id":"https:\/\/easyservice.ee\/ru\/tehtud-tood\/#primaryimage","url":"http:\/\/easyservice.ee\/wp-content\/uploads\/2019\/06\/portfolio-1.jpg","contentUrl":"http:\/\/easyservice.ee\/wp-content\/uploads\/2019\/06\/portfolio-1.jpg","width":1920,"height":300},{"@type":"BreadcrumbList","@id":"https:\/\/easyservice.ee\/ru\/tehtud-tood\/#breadcrumb","itemListElement":[{"@type":"ListItem","position":1,"name":"\u0413\u043b\u0430\u0432\u043d\u0430\u044f \u0441\u0442\u0440\u0430\u043d\u0438\u0446\u0430","item":"https:\/\/easyservice.ee\/ru\/"},{"@type":"ListItem","position":2,"name":"\u0413\u043e\u0442\u043e\u0432\u044b\u0435 \u0440\u0430\u0431\u043e\u0442\u044b"}]},{"@type":"WebSite","@id":"http:\/\/easyservice.ee\/#website","url":"http:\/\/easyservice.ee\/","name":"Ehitust\u00f6\u00f6d ja remondit\u00f6\u00f6d Tallinnas ja Harjumaal","description":"\u041f\u0440\u043e\u0441\u0442\u043e \u0435\u0449\u0435 \u043e\u0434\u0438\u043d WordPress \u0441\u0430\u0439\u0442","publisher":{"@id":"http:\/\/easyservice.ee\/#organization"},"potentialAction":[{"@type":"SearchAction","target":{"@type":"EntryPoint","urlTemplate":"http:\/\/easyservice.ee\/?s={search_term_string}"},"query-input":{"@type":"PropertyValueSpecification","valueRequired":true,"valueName":"search_term_string"}}],"inLanguage":"ru-RU"},{"@type":"Organization","@id":"http:\/\/easyservice.ee\/#organization","name":"Easy Service","url":"http:\/\/easyservice.ee\/","logo":{"@type":"ImageObject","inLanguage":"ru-RU","@id":"http:\/\/easyservice.ee\/#\/schema\/logo\/image\/","url":"https:\/\/easyservice.ee\/wp-content\/uploads\/2019\/10\/easyservicelogo.png","contentUrl":"https:\/\/easyservice.ee\/wp-content\/uploads\/2019\/10\/easyservicelogo.png","width":378,"height":122,"caption":"Easy Service"},"image":{"@id":"http:\/\/easyservice.ee\/#\/schema\/logo\/image\/"}}]}},"_links":{"self":[{"href":"http:\/\/easyservice.ee\/ru\/wp-json\/wp\/v2\/pages\/3315","targetHints":{"allow":["GET"]}}],"collection":[{"href":"http:\/\/easyservice.ee\/ru\/wp-json\/wp\/v2\/pages"}],"about":[{"href":"http:\/\/easyservice.ee\/ru\/wp-json\/wp\/v2\/types\/page"}],"author":[{"embeddable":true,"href":"http:\/\/easyservice.ee\/ru\/wp-json\/wp\/v2\/users\/1"}],"replies":[{"embeddable":true,"href":"http:\/\/easyservice.ee\/ru\/wp-json\/wp\/v2\/comments?post=3315"}],"version-history":[{"count":3,"href":"http:\/\/easyservice.ee\/ru\/wp-json\/wp\/v2\/pages\/3315\/revisions"}],"predecessor-version":[{"id":4971,"href":"http:\/\/easyservice.ee\/ru\/wp-json\/wp\/v2\/pages\/3315\/revisions\/4971"}],"wp:featuredmedia":[{"embeddable":true,"href":"http:\/\/easyservice.ee\/ru\/wp-json\/wp\/v2\/media\/4362"}],"wp:attachment":[{"href":"http:\/\/easyservice.ee\/ru\/wp-json\/wp\/v2\/media?parent=3315"}],"curies":[{"name":"wp","href":"https:\/\/api.w.org\/{rel}","templated":true}]}}